{"id":3248,"date":"2024-09-18T10:57:43","date_gmt":"2024-09-18T10:57:43","guid":{"rendered":"http:\/\/aiscad.com\/tienda-software-bentley"},"modified":"2025-09-23T15:55:32","modified_gmt":"2025-09-23T15:55:32","slug":"botiga-software-bentley","status":"publish","type":"page","link":"https:\/\/aiscad.com\/ca\/botiga-software-bentley","title":{"rendered":"Botiga Software Bentley"},"content":{"rendered":"\t\t<div data-elementor-type=\"wp-page\" data-elementor-id=\"3248\" class=\"elementor elementor-3248 elementor-1741\">\n\t\t\t\t\t\t<section class=\"elementor-section elementor-top-section elementor-element elementor-element-d5cf390 elementor-section-height-min-height elementor-section-boxed elementor-section-height-default elementor-section-items-middle\" data-id=\"d5cf390\" data-element_type=\"section\" data-settings=\"{&quot;background_background&quot;:&quot;classic&quot;}\">\n\t\t\t\t\t\t\t<div class=\"elementor-background-overlay\"><\/div>\n\t\t\t\t\t\t\t<div class=\"elementor-container elementor-column-gap-wide\">\n\t\t\t\t\t<div class=\"elementor-column elementor-col-100 elementor-top-column elementor-element elementor-element-878061f\" data-id=\"878061f\" data-element_type=\"column\">\n\t\t\t<div class=\"elementor-widget-wrap elementor-element-populated\">\n\t\t\t\t\t\t<div class=\"elementor-element elementor-element-a66117e elementor-widget elementor-widget-heading\" data-id=\"a66117e\" data-element_type=\"widget\" data-widget_type=\"heading.default\">\n\t\t\t\t<div class=\"elementor-widget-container\">\n\t\t\t<h2 class=\"elementor-heading-title elementor-size-default\">Botiga de Software Bentley<\/h2>\t\t<\/div>\n\t\t\t\t<\/div>\n\t\t\t\t<div class=\"elementor-element elementor-element-6162f48 elementor-widget elementor-widget-text-editor\" data-id=\"6162f48\" data-element_type=\"widget\" data-widget_type=\"text-editor.default\">\n\t\t\t\t<div class=\"elementor-widget-container\">\n\t\t\t\t\t\t\t<p>Descobreix la gamma completa de solucions de <strong>Bentley<\/strong> que distribu\u00efm, incloent <strong>OpenRoads, MicroStation<\/strong>, i molts m\u00e9s.<\/p>\n\t\t\t\t\t\t<\/div>\n\t\t\t\t<\/div>\n\t\t\t\t\t<\/div>\n\t\t<\/div>\n\t\t\t\t\t<\/div>\n\t\t<\/section>\n\t\t\t\t<section class=\"elementor-section elementor-top-section elementor-element elementor-element-64da9d3 elementor-section-boxed elementor-section-height-default elementor-section-height-default\" data-id=\"64da9d3\" data-element_type=\"section\">\n\t\t\t\t\t\t<div class=\"elementor-container elementor-column-gap-wide\">\n\t\t\t\t\t<div class=\"elementor-column elementor-col-50 elementor-top-column elementor-element elementor-element-5e470dd\" data-id=\"5e470dd\" data-element_type=\"column\">\n\t\t\t<div class=\"elementor-widget-wrap elementor-element-populated\">\n\t\t\t\t\t\t<div class=\"elementor-element elementor-element-30f1517 elementor-widget elementor-widget-heading\" data-id=\"30f1517\" data-element_type=\"widget\" data-widget_type=\"heading.default\">\n\t\t\t\t<div class=\"elementor-widget-container\">\n\t\t\t<h2 class=\"elementor-heading-title elementor-size-default\">Adquisici\u00f3 de Subscripcions Anuals<\/h2>\t\t<\/div>\n\t\t\t\t<\/div>\n\t\t\t\t<div class=\"elementor-element elementor-element-4b70cae elementor-widget elementor-widget-text-editor\" data-id=\"4b70cae\" data-element_type=\"widget\" data-widget_type=\"text-editor.default\">\n\t\t\t\t<div class=\"elementor-widget-container\">\n\t\t\t\t\t\t\t<p><img decoding=\"async\" class=\"alignnone wp-image-3402 size-full\" src=\"https:\/\/aiscad.com\/wp-content\/uploads\/2025\/09\/bentley-estore-logo.png\" alt=\"\" width=\"500\" height=\"38\" srcset=\"https:\/\/aiscad.com\/wp-content\/uploads\/2025\/09\/bentley-estore-logo.png 500w, https:\/\/aiscad.com\/wp-content\/uploads\/2025\/09\/bentley-estore-logo-300x23.png 300w\" sizes=\"(max-width: 500px) 100vw, 500px\" \/><\/p><p><strong>Bentley&#8217;s eStore<\/strong> \u00e9s la botiga electr\u00f2nica de <strong>Bentley Systems<\/strong> per a la venda de llic\u00e8ncies de manera f\u00e0cil i assequible d&#8217;una \u00e0mplia gamma de productes amb formaci\u00f3 personalitzable.<\/p><p>La Subscripci\u00f3 de <strong>Bentley&#8217;s eStore<\/strong> \u00e9s una llic\u00e8ncia professional per 1 any que redueix els costos de compra de programari.<\/p>\t\t\t\t\t\t<\/div>\n\t\t\t\t<\/div>\n\t\t\t\t\t<\/div>\n\t\t<\/div>\n\t\t\t\t<div class=\"elementor-column elementor-col-50 elementor-top-column elementor-element elementor-element-dc27bb0\" data-id=\"dc27bb0\" data-element_type=\"column\">\n\t\t\t<div class=\"elementor-widget-wrap elementor-element-populated\">\n\t\t\t\t\t\t<div class=\"elementor-element elementor-element-108d1a6 elementor-widget elementor-widget-image\" data-id=\"108d1a6\" data-element_type=\"widget\" data-widget_type=\"image.default\">\n\t\t\t\t<div class=\"elementor-widget-container\">\n\t\t\t\t\t\t\t\t\t\t\t\t\t<img fetchpriority=\"high\" decoding=\"async\" width=\"640\" height=\"288\" src=\"https:\/\/aiscad.com\/wp-content\/uploads\/2024\/09\/opencities_banner-1024x461.jpg\" class=\"attachment-large size-large wp-image-1901\" alt=\"\" srcset=\"https:\/\/aiscad.com\/wp-content\/uploads\/2024\/09\/opencities_banner-1024x461.jpg 1024w, https:\/\/aiscad.com\/wp-content\/uploads\/2024\/09\/opencities_banner-300x135.jpg 300w, https:\/\/aiscad.com\/wp-content\/uploads\/2024\/09\/opencities_banner-768x346.jpg 768w, https:\/\/aiscad.com\/wp-content\/uploads\/2024\/09\/opencities_banner-1536x691.jpg 1536w, https:\/\/aiscad.com\/wp-content\/uploads\/2024\/09\/opencities_banner.jpg 2000w\" sizes=\"(max-width: 640px) 100vw, 640px\" \/>\t\t\t\t\t\t\t\t\t\t\t\t\t<\/div>\n\t\t\t\t<\/div>\n\t\t\t\t\t<\/div>\n\t\t<\/div>\n\t\t\t\t\t<\/div>\n\t\t<\/section>\n\t\t\t\t<section class=\"elementor-section elementor-top-section elementor-element elementor-element-5a27314 elementor-section-boxed elementor-section-height-default elementor-section-height-default\" data-id=\"5a27314\" data-element_type=\"section\">\n\t\t\t\t\t\t<div class=\"elementor-container elementor-column-gap-wide\">\n\t\t\t\t\t<div class=\"elementor-column elementor-col-100 elementor-top-column elementor-element elementor-element-d171375\" data-id=\"d171375\" data-element_type=\"column\">\n\t\t\t<div class=\"elementor-widget-wrap elementor-element-populated\">\n\t\t\t\t\t\t<div class=\"elementor-element elementor-element-ce69b89 elementor-widget elementor-widget-html\" data-id=\"ce69b89\" data-element_type=\"widget\" data-widget_type=\"html.default\">\n\t\t\t\t<div class=\"elementor-widget-container\">\n\t\t\t<script class='CspSyndicationScript' type='text\/javascript' rel='nofollow' async='true' src='https:\/\/637532972752701667.publisher.impartner.io\/Csp\/?mfrname=virtuosity'><\/script> \n\t\t<\/div>\n\t\t\t\t<\/div>\n\t\t\t\t\t<\/div>\n\t\t<\/div>\n\t\t\t\t\t<\/div>\n\t\t<\/section>\n\t\t\t\t<section class=\"elementor-section elementor-top-section elementor-element elementor-element-74e075d elementor-section-boxed elementor-section-height-default elementor-section-height-default\" data-id=\"74e075d\" data-element_type=\"section\">\n\t\t\t\t\t\t<div class=\"elementor-container elementor-column-gap-default\">\n\t\t\t\t\t<div class=\"elementor-column elementor-col-100 elementor-top-column elementor-element elementor-element-776fc17a\" data-id=\"776fc17a\" data-element_type=\"column\">\n\t\t\t<div class=\"elementor-widget-wrap elementor-element-populated\">\n\t\t\t\t\t\t<div class=\"elementor-element elementor-element-18349070 elementor-widget elementor-widget-sidebar\" data-id=\"18349070\" data-element_type=\"widget\" data-widget_type=\"sidebar.default\">\n\t\t\t\t<div class=\"elementor-widget-container\">\n\t\t\t<div id=\"custom_html-4\" class=\"widget_text widget clearfix widget_custom_html\"><div class=\"textwidget custom-html-widget\"><div style=\"text-align: center;\">\r\n<p><img decoding=\"async\" style=\"margin: 0 10px 0 0;\" class=\"wp-image-4817 alignleft\" src=\"\/wp-content\/uploads\/2024\/09\/logo-next-generation.png\" alt=\"Logo Next Generation\" width=\"139\" height=\"42\" \/>   <img loading=\"lazy\" decoding=\"async\" style=\"margin:none;\" class=\"wp-image-4820 alignnone\" src=\"\/wp-content\/uploads\/2024\/09\/logo-gob-plan-recuperacion.png\" alt=\"Logo Gobierno Espa\u00f1a Plan Recuperaci\u00f3n\" width=\"368\" height=\"38\" \/><\/p>\r\n<\/div><\/div><\/div>\t\t<\/div>\n\t\t\t\t<\/div>\n\t\t\t\t\t<\/div>\n\t\t<\/div>\n\t\t\t\t\t<\/div>\n\t\t<\/section>\n\t\t\t\t<\/div>\n\t\t","protected":false},"excerpt":{"rendered":"<p>Botiga de Software Bentley Descobreix la gamma completa de solucions de Bentley que distribu\u00efm, incloent OpenRoads, MicroStation, i molts m\u00e9s. Adquisici\u00f3 de Subscripcions Anuals Bentley&#8217;s eStore \u00e9s la botiga electr\u00f2nica de Bentley Systems per a la venda de llic\u00e8ncies de manera f\u00e0cil i assequible d&#8217;una \u00e0mplia gamma de productes amb formaci\u00f3 personalitzable. La Subscripci\u00f3 de <\/p>\n","protected":false},"author":1,"featured_media":0,"parent":0,"menu_order":0,"comment_status":"closed","ping_status":"closed","template":"","meta":{"_acf_changed":false,"footnotes":""},"class_list":["post-3248","page","type-page","status-publish","hentry"],"acf":[],"yoast_head":"<!-- This site is optimized with the Yoast SEO plugin v23.7 - https:\/\/yoast.com\/wordpress\/plugins\/seo\/ -->\n<title>Botiga Software Bentley - AISCAD<\/title>\n<meta name=\"robots\" content=\"index, follow, max-snippet:-1, max-image-preview:large, max-video-preview:-1\" \/>\n<link rel=\"canonical\" href=\"https:\/\/aiscad.com\/ca\/botiga-software-bentley\" \/>\n<meta property=\"og:locale\" content=\"ca_ES\" \/>\n<meta property=\"og:type\" content=\"article\" \/>\n<meta property=\"og:title\" content=\"Botiga Software Bentley - AISCAD\" \/>\n<meta property=\"og:description\" content=\"Botiga de Software Bentley Descobreix la gamma completa de solucions de Bentley que distribu\u00efm, incloent OpenRoads, MicroStation, i molts m\u00e9s. Adquisici\u00f3 de Subscripcions Anuals Bentley&#8217;s eStore \u00e9s la botiga electr\u00f2nica de Bentley Systems per a la venda de llic\u00e8ncies de manera f\u00e0cil i assequible d&#8217;una \u00e0mplia gamma de productes amb formaci\u00f3 personalitzable. La Subscripci\u00f3 de\" \/>\n<meta property=\"og:url\" content=\"https:\/\/aiscad.com\/ca\/botiga-software-bentley\" \/>\n<meta property=\"og:site_name\" content=\"AISCAD\" \/>\n<meta property=\"article:modified_time\" content=\"2025-09-23T15:55:32+00:00\" \/>\n<meta property=\"og:image\" content=\"https:\/\/aiscad.com\/wp-content\/uploads\/2025\/09\/bentley-estore-logo.png\" \/>\n\t<meta property=\"og:image:width\" content=\"500\" \/>\n\t<meta property=\"og:image:height\" content=\"38\" \/>\n\t<meta property=\"og:image:type\" content=\"image\/png\" \/>\n<meta name=\"twitter:card\" content=\"summary_large_image\" \/>\n<meta name=\"twitter:label1\" content=\"Temps estimat de lectura\" \/>\n\t<meta name=\"twitter:data1\" content=\"2 minuts\" \/>\n<script type=\"application\/ld+json\" class=\"yoast-schema-graph\">{\"@context\":\"https:\/\/schema.org\",\"@graph\":[{\"@type\":\"WebPage\",\"@id\":\"https:\/\/aiscad.com\/ca\/botiga-software-bentley\",\"url\":\"https:\/\/aiscad.com\/ca\/botiga-software-bentley\",\"name\":\"Botiga Software Bentley - AISCAD\",\"isPartOf\":{\"@id\":\"https:\/\/aiscad.com\/ca#website\"},\"primaryImageOfPage\":{\"@id\":\"https:\/\/aiscad.com\/ca\/botiga-software-bentley#primaryimage\"},\"image\":{\"@id\":\"https:\/\/aiscad.com\/ca\/botiga-software-bentley#primaryimage\"},\"thumbnailUrl\":\"https:\/\/aiscad.com\/wp-content\/uploads\/2025\/09\/bentley-estore-logo.png\",\"datePublished\":\"2024-09-18T10:57:43+00:00\",\"dateModified\":\"2025-09-23T15:55:32+00:00\",\"breadcrumb\":{\"@id\":\"https:\/\/aiscad.com\/ca\/botiga-software-bentley#breadcrumb\"},\"inLanguage\":\"ca\",\"potentialAction\":[{\"@type\":\"ReadAction\",\"target\":[\"https:\/\/aiscad.com\/ca\/botiga-software-bentley\"]}]},{\"@type\":\"ImageObject\",\"inLanguage\":\"ca\",\"@id\":\"https:\/\/aiscad.com\/ca\/botiga-software-bentley#primaryimage\",\"url\":\"https:\/\/aiscad.com\/wp-content\/uploads\/2025\/09\/bentley-estore-logo.png\",\"contentUrl\":\"https:\/\/aiscad.com\/wp-content\/uploads\/2025\/09\/bentley-estore-logo.png\"},{\"@type\":\"BreadcrumbList\",\"@id\":\"https:\/\/aiscad.com\/ca\/botiga-software-bentley#breadcrumb\",\"itemListElement\":[{\"@type\":\"ListItem\",\"position\":1,\"name\":\"Home\",\"item\":\"https:\/\/aiscad.com\/ca\"},{\"@type\":\"ListItem\",\"position\":2,\"name\":\"Botiga Software Bentley\"}]},{\"@type\":\"WebSite\",\"@id\":\"https:\/\/aiscad.com\/ca#website\",\"url\":\"https:\/\/aiscad.com\/ca\",\"name\":\"AISCAD\",\"description\":\"Asesor\u00eda inform\u00e1tica de sistemas CAD\",\"publisher\":{\"@id\":\"https:\/\/aiscad.com\/ca#organization\"},\"potentialAction\":[{\"@type\":\"SearchAction\",\"target\":{\"@type\":\"EntryPoint\",\"urlTemplate\":\"https:\/\/aiscad.com\/ca?s={search_term_string}\"},\"query-input\":{\"@type\":\"PropertyValueSpecification\",\"valueRequired\":true,\"valueName\":\"search_term_string\"}}],\"inLanguage\":\"ca\"},{\"@type\":\"Organization\",\"@id\":\"https:\/\/aiscad.com\/ca#organization\",\"name\":\"AISCAD\",\"url\":\"https:\/\/aiscad.com\/ca\",\"logo\":{\"@type\":\"ImageObject\",\"inLanguage\":\"ca\",\"@id\":\"https:\/\/aiscad.com\/ca#\/schema\/logo\/image\/\",\"url\":\"https:\/\/aiscad.com\/wp-content\/uploads\/2024\/07\/logo-aiscad.png\",\"contentUrl\":\"https:\/\/aiscad.com\/wp-content\/uploads\/2024\/07\/logo-aiscad.png\",\"width\":804,\"height\":204,\"caption\":\"AISCAD\"},\"image\":{\"@id\":\"https:\/\/aiscad.com\/ca#\/schema\/logo\/image\/\"}}]}<\/script>\n<!-- \/ Yoast SEO plugin. -->","yoast_head_json":{"title":"Botiga Software Bentley - AISCAD","robots":{"index":"index","follow":"follow","max-snippet":"max-snippet:-1","max-image-preview":"max-image-preview:large","max-video-preview":"max-video-preview:-1"},"canonical":"https:\/\/aiscad.com\/ca\/botiga-software-bentley","og_locale":"ca_ES","og_type":"article","og_title":"Botiga Software Bentley - AISCAD","og_description":"Botiga de Software Bentley Descobreix la gamma completa de solucions de Bentley que distribu\u00efm, incloent OpenRoads, MicroStation, i molts m\u00e9s. Adquisici\u00f3 de Subscripcions Anuals Bentley&#8217;s eStore \u00e9s la botiga electr\u00f2nica de Bentley Systems per a la venda de llic\u00e8ncies de manera f\u00e0cil i assequible d&#8217;una \u00e0mplia gamma de productes amb formaci\u00f3 personalitzable. La Subscripci\u00f3 de","og_url":"https:\/\/aiscad.com\/ca\/botiga-software-bentley","og_site_name":"AISCAD","article_modified_time":"2025-09-23T15:55:32+00:00","og_image":[{"width":500,"height":38,"url":"https:\/\/aiscad.com\/wp-content\/uploads\/2025\/09\/bentley-estore-logo.png","type":"image\/png"}],"twitter_card":"summary_large_image","twitter_misc":{"Temps estimat de lectura":"2 minuts"},"schema":{"@context":"https:\/\/schema.org","@graph":[{"@type":"WebPage","@id":"https:\/\/aiscad.com\/ca\/botiga-software-bentley","url":"https:\/\/aiscad.com\/ca\/botiga-software-bentley","name":"Botiga Software Bentley - AISCAD","isPartOf":{"@id":"https:\/\/aiscad.com\/ca#website"},"primaryImageOfPage":{"@id":"https:\/\/aiscad.com\/ca\/botiga-software-bentley#primaryimage"},"image":{"@id":"https:\/\/aiscad.com\/ca\/botiga-software-bentley#primaryimage"},"thumbnailUrl":"https:\/\/aiscad.com\/wp-content\/uploads\/2025\/09\/bentley-estore-logo.png","datePublished":"2024-09-18T10:57:43+00:00","dateModified":"2025-09-23T15:55:32+00:00","breadcrumb":{"@id":"https:\/\/aiscad.com\/ca\/botiga-software-bentley#breadcrumb"},"inLanguage":"ca","potentialAction":[{"@type":"ReadAction","target":["https:\/\/aiscad.com\/ca\/botiga-software-bentley"]}]},{"@type":"ImageObject","inLanguage":"ca","@id":"https:\/\/aiscad.com\/ca\/botiga-software-bentley#primaryimage","url":"https:\/\/aiscad.com\/wp-content\/uploads\/2025\/09\/bentley-estore-logo.png","contentUrl":"https:\/\/aiscad.com\/wp-content\/uploads\/2025\/09\/bentley-estore-logo.png"},{"@type":"BreadcrumbList","@id":"https:\/\/aiscad.com\/ca\/botiga-software-bentley#breadcrumb","itemListElement":[{"@type":"ListItem","position":1,"name":"Home","item":"https:\/\/aiscad.com\/ca"},{"@type":"ListItem","position":2,"name":"Botiga Software Bentley"}]},{"@type":"WebSite","@id":"https:\/\/aiscad.com\/ca#website","url":"https:\/\/aiscad.com\/ca","name":"AISCAD","description":"Asesor\u00eda inform\u00e1tica de sistemas CAD","publisher":{"@id":"https:\/\/aiscad.com\/ca#organization"},"potentialAction":[{"@type":"SearchAction","target":{"@type":"EntryPoint","urlTemplate":"https:\/\/aiscad.com\/ca?s={search_term_string}"},"query-input":{"@type":"PropertyValueSpecification","valueRequired":true,"valueName":"search_term_string"}}],"inLanguage":"ca"},{"@type":"Organization","@id":"https:\/\/aiscad.com\/ca#organization","name":"AISCAD","url":"https:\/\/aiscad.com\/ca","logo":{"@type":"ImageObject","inLanguage":"ca","@id":"https:\/\/aiscad.com\/ca#\/schema\/logo\/image\/","url":"https:\/\/aiscad.com\/wp-content\/uploads\/2024\/07\/logo-aiscad.png","contentUrl":"https:\/\/aiscad.com\/wp-content\/uploads\/2024\/07\/logo-aiscad.png","width":804,"height":204,"caption":"AISCAD"},"image":{"@id":"https:\/\/aiscad.com\/ca#\/schema\/logo\/image\/"}}]}},"_links":{"self":[{"href":"https:\/\/aiscad.com\/ca\/wp-json\/wp\/v2\/pages\/3248","targetHints":{"allow":["GET"]}}],"collection":[{"href":"https:\/\/aiscad.com\/ca\/wp-json\/wp\/v2\/pages"}],"about":[{"href":"https:\/\/aiscad.com\/ca\/wp-json\/wp\/v2\/types\/page"}],"author":[{"embeddable":true,"href":"https:\/\/aiscad.com\/ca\/wp-json\/wp\/v2\/users\/1"}],"replies":[{"embeddable":true,"href":"https:\/\/aiscad.com\/ca\/wp-json\/wp\/v2\/comments?post=3248"}],"version-history":[{"count":5,"href":"https:\/\/aiscad.com\/ca\/wp-json\/wp\/v2\/pages\/3248\/revisions"}],"predecessor-version":[{"id":3411,"href":"https:\/\/aiscad.com\/ca\/wp-json\/wp\/v2\/pages\/3248\/revisions\/3411"}],"wp:attachment":[{"href":"https:\/\/aiscad.com\/ca\/wp-json\/wp\/v2\/media?parent=3248"}],"curies":[{"name":"wp","href":"https:\/\/api.w.org\/{rel}","templated":true}]}}