{"id":3336,"date":"2020-07-20T08:36:27","date_gmt":"2020-07-20T08:36:27","guid":{"rendered":"https:\/\/aiscad.com\/faq-aiscad-software-bentley"},"modified":"2024-10-11T16:32:56","modified_gmt":"2024-10-11T16:32:56","slug":"faq-aiscad-software-bentley","status":"publish","type":"page","link":"https:\/\/aiscad.com\/ca\/faq-aiscad-software-bentley","title":{"rendered":"Preguntes Freq\u00fcents (FAQ)"},"content":{"rendered":"\t\t<div data-elementor-type=\"wp-page\" data-elementor-id=\"3336\" class=\"elementor elementor-3336 elementor-194\">\n\t\t\t\t\t\t<div class=\"elementor-section elementor-top-section elementor-element elementor-element-34f8b90 faq-area ptb-100 elementor-section-boxed elementor-section-height-default elementor-section-height-default\" data-id=\"34f8b90\" data-element_type=\"section\">\n\t\t\t\t\t\t<div class=\"elementor-container elementor-column-gap-no\">\n\t\t\t\t\t<div class=\"elementor-column elementor-col-100 elementor-top-column elementor-element elementor-element-2fa552a\" data-id=\"2fa552a\" data-element_type=\"column\">\n\t\t\t<div class=\"elementor-widget-wrap elementor-element-populated\">\n\t\t\t\t\t\t<div class=\"elementor-element elementor-element-06fd04c elementor-widget elementor-widget-Section\" data-id=\"06fd04c\" data-element_type=\"widget\" data-widget_type=\"Section.default\">\n\t\t\t\t<div class=\"elementor-widget-container\">\n\t\t\t\r\n                    <div class=\"container\">\r\n                <div class=\"section-title text-center\">\r\n                                            <span class=\"top-title\">FAQs<\/span>\r\n                    \r\n                    <h1>Preguntes Freq\u00fcents<\/h1>\r\n\r\n                    <p>Necessites m\u00e9s informaci\u00f3 sobre Aiscad i el software Bentley i Mapia? Aqu\u00ed et resolem alguns dels dubtes m\u00e9s habituals.<\/p>                <\/div>\r\n            <\/div>\r\n                \t\t<\/div>\n\t\t\t\t<\/div>\n\t\t\t\t<div class=\"elementor-element elementor-element-6bef84e elementor-widget elementor-widget-FAQ\" data-id=\"6bef84e\" data-element_type=\"widget\" data-widget_type=\"FAQ.default\">\n\t\t\t\t<div class=\"elementor-widget-container\">\n\t\t\t\r\n            <div class=\"container\">\r\n            <div class=\"row align-items-center\">\r\n                <div class=\"col-lg-6\">\r\n                    <div class=\"faq-accordion mb-used text-left\">\r\n                        <ul class=\"accordion\">\r\n                                                            <li class=\"accordion-item\">\r\n                                    <a class=\"accordion-title active\" href=\"javascript:void(0)\">\r\n                                        <i class=\"bx bx-plus\"><\/i>\r\n                                        Quins productes de Bentley comercialitzem?                                    <\/a>\r\n                                    <div class=\"accordion-content show\">\r\n                                        <p style=\"font-weight: 400\">Comercialitzem tota la cartera de productes de Bentley i estem especialitzats en MicroStation, iTwin Capture, OpenCities Map, OpenFlows, OpenRoads, OpenSite.<\/p>\r\n                                    <\/div>\r\n                                <\/li>\r\n                                                            <li class=\"accordion-item\">\r\n                                    <a class=\"accordion-title \" href=\"javascript:void(0)\">\r\n                                        <i class=\"bx bx-plus\"><\/i>\r\n                                        Quins tipus de llic\u00e8ncia hi ha disponibles per comprar?                                    <\/a>\r\n                                    <div class=\"accordion-content \">\r\n                                        <p>D'una banda, hi ha la llic\u00e8ncia perp\u00e8tua amb l'opci\u00f3 de contractar manteniment anual (SELECT), des de fa uns anys Bentley tamb\u00e9 ofereix la llic\u00e8ncia anual practitioner (Virtuosity).<\/p>\r\n                                    <\/div>\r\n                                <\/li>\r\n                                                            <li class=\"accordion-item\">\r\n                                    <a class=\"accordion-title \" href=\"javascript:void(0)\">\r\n                                        <i class=\"bx bx-plus\"><\/i>\r\n                                        Qu\u00e8 puc fer perqu\u00e8 les meves llic\u00e8ncies siguin flotants?                                    <\/a>\r\n                                    <div class=\"accordion-content \">\r\n                                        <p>En cas que disposeu d'una llic\u00e8ncia perp\u00e8tua, aquesta ha d'estar coberta amb SELECT (manteniment), per a la seva flotabilitat.<\/p><p>Aix\u00ed es podr\u00e0 instal\u00b7lar a tots els ordinadors que considereu. Sempre parant atenci\u00f3 a no utilitzar alhora m\u00e9s llic\u00e8ncies de les que es disposen.<\/p>\r\n                                    <\/div>\r\n                                <\/li>\r\n                                                            <li class=\"accordion-item\">\r\n                                    <a class=\"accordion-title \" href=\"javascript:void(0)\">\r\n                                        <i class=\"bx bx-plus\"><\/i>\r\n                                        Puc instal\u00b7lar les llic\u00e8ncies anuals practitioner (Virtuosity) a diversos ordinadors?                                    <\/a>\r\n                                    <div class=\"accordion-content \">\r\n                                        <p>S\u00ed, les llic\u00e8ncies anuals poden instal\u00b7lar-se en diferents ordinadors, per\u00f2 nom\u00e9s permetr\u00e0 utilitzar-la alhora tants usuaris com llic\u00e8ncies disposi l'empresa.<\/p><p>Si nom\u00e9s disposeu d'1 llic\u00e8ncia, l'usuari 1 haur\u00e0 de tancar sessi\u00f3 perqu\u00e8 a l'usuari 2 se li permeti accedir des del seu ordinador.<\/p>\r\n                                    <\/div>\r\n                                <\/li>\r\n                                                    <\/ul>\r\n                    <\/div>\r\n                <\/div>\r\n                \r\n                <!-- Right FAQ -->\r\n                <div class=\"col-lg-6\">\r\n                    <div class=\"faq-accordion text-left\">\r\n                        <ul class=\"accordion\">\r\n                                                            <li class=\"accordion-item\">\r\n                                    <a class=\"accordion-title\" href=\"javascript:void(0)\">\r\n                                        <i class=\"bx bx-plus\"><\/i>\r\n                                        Com es calcula el sobre\u00fas?                                    <\/a>\r\n                                    <div class=\"accordion-content\">\r\n                                        <p>El sobre\u00fas es determina comptant el nombre total de m\u00e0quines \u00faniques que accedeixen a una aplicaci\u00f3 a cada interval de 10 minuts al llarg del dia. El nombre m\u00e9s elevat de m\u00e0quines que accedeixi a una aplicaci\u00f3 en qualsevol interval de 10 minuts durant el trimestre es considera el consum m\u00e0xim.<\/p><p>El software ha d'utilitzar-se com a m\u00ednim 10 minuts i durant un interval complet perqu\u00e8 es comptabilitzi el seu interval inicial.<\/p><p><a href=\"http:\/\/aiscad.com\/wp-content\/uploads\/2024\/10\/sobreuso-licencias-bentley.png\"><img decoding=\"async\" class=\"alignnone wp-image-3194 size-medium\" src=\"http:\/\/aiscad.com\/wp-content\/uploads\/2024\/10\/sobreuso-licencias-bentley-300x134.png\" alt=\"\" width=\"300\" height=\"134\" srcset=\"https:\/\/aiscad.com\/wp-content\/uploads\/2024\/10\/sobreuso-licencias-bentley-300x134.png 300w, https:\/\/aiscad.com\/wp-content\/uploads\/2024\/10\/sobreuso-licencias-bentley-768x344.png 768w, https:\/\/aiscad.com\/wp-content\/uploads\/2024\/10\/sobreuso-licencias-bentley.png 816w\" sizes=\"(max-width: 300px) 100vw, 300px\" \/><\/a><\/p>\r\n                                    <\/div>\r\n                                <\/li>\r\n                                                            <li class=\"accordion-item\">\r\n                                    <a class=\"accordion-title\" href=\"javascript:void(0)\">\r\n                                        <i class=\"bx bx-plus\"><\/i>\r\n                                        Es pot controlar el sobre\u00fas d&#039;alguna manera?                                    <\/a>\r\n                                    <div class=\"accordion-content\">\r\n                                        <p>Es poden configurar alertes d'\u00fas de llic\u00e8ncia <a href=\"https:\/\/bentleysystems.service-now.com\/community?id=kb_article&amp;table=kb_knowledge&amp;sys_id=74c16fee47bd0e10e3378d53636d43b4\" target=\"_blank\" rel=\"noopener\">seguint aquests passos<\/a>.<\/p>\r\n                                    <\/div>\r\n                                <\/li>\r\n                                                            <li class=\"accordion-item\">\r\n                                    <a class=\"accordion-title\" href=\"javascript:void(0)\">\r\n                                        <i class=\"bx bx-plus\"><\/i>\r\n                                        Llic\u00e8ncies demo, com hi podem tenir acc\u00e9s?                                    <\/a>\r\n                                    <div class=\"accordion-content\">\r\n                                        <p style=\"font-weight: 400\">No dubteu a <a href=\"\/ca\/contacte\">contactar directament amb nosaltres<\/a> si esteu interessats a provar un nou producte i voleu disposar d'una llic\u00e8ncia demo. Les Llic\u00e8ncies demo tenen una validesa de 30 dies.<\/p>\r\n                                    <\/div>\r\n                                <\/li>\r\n                                                            <li class=\"accordion-item\">\r\n                                    <a class=\"accordion-title\" href=\"javascript:void(0)\">\r\n                                        <i class=\"bx bx-plus\"><\/i>\r\n                                        \u00das de llic\u00e8ncia offline, \u00e9s possible?                                    <\/a>\r\n                                    <div class=\"accordion-content\">\r\n                                        <p style=\"font-weight: 400\">Bentley permet utilitzar la llic\u00e8ncia offline durant un per\u00edode m\u00e0xim de 7 dies.<\/p>\r\n                                    <\/div>\r\n                                <\/li>\r\n                                                            <li class=\"accordion-item\">\r\n                                    <a class=\"accordion-title\" href=\"javascript:void(0)\">\r\n                                        <i class=\"bx bx-plus\"><\/i>\r\n                                        Quins s\u00f3n els avantatges principals del contracte SELECT?                                    <\/a>\r\n                                    <div class=\"accordion-content\">\r\n                                        <p>Suport t\u00e8cnic 24\/7\/365, recursos d'aprenentatge disponibles, possibilitat d'intercanviar llic\u00e8ncies segons les vostres necessitats durant l'any, flotabilitat de llic\u00e8ncies i actualitzacions de software.<\/p>\r\n                                    <\/div>\r\n                                <\/li>\r\n                                                    <\/ul>\r\n                    <\/div>\r\n                <\/div>\r\n\r\n            <\/div>\r\n        <\/div>\r\n            \t\t<\/div>\n\t\t\t\t<\/div>\n\t\t\t\t\t<\/div>\n\t\t<\/div>\n\t\t\t\t\t<\/div>\n\t\t<\/div>\n\t\t\t\t<div class=\"elementor-section elementor-top-section elementor-element elementor-element-5aff3b5 faq-contact-area pb-100 elementor-section-boxed elementor-section-height-default elementor-section-height-default\" data-id=\"5aff3b5\" data-element_type=\"section\">\n\t\t\t\t\t\t<div class=\"elementor-container elementor-column-gap-no\">\n\t\t\t\t\t<div class=\"elementor-column elementor-col-100 elementor-top-column elementor-element elementor-element-c1e01dd\" data-id=\"c1e01dd\" data-element_type=\"column\">\n\t\t\t<div class=\"elementor-widget-wrap elementor-element-populated\">\n\t\t\t\t\t\t<div class=\"elementor-element elementor-element-8bea223 elementor-widget elementor-widget-Section\" data-id=\"8bea223\" data-element_type=\"widget\" data-widget_type=\"Section.default\">\n\t\t\t\t<div class=\"elementor-widget-container\">\n\t\t\t\r\n                    <div class=\"container\">\r\n                <div class=\"section-title text-center\">\r\n                    \r\n                    <h2>Pregunta&#039;ns<\/h2>\r\n\r\n                    <p>Si vols obtenir m\u00e9s informaci\u00f3 sobre els nostres productes, serveis o qualsevol altre aspecte, no dubtis a <strong>contactar-nos<\/strong>. El nostre equip estar\u00e0 encantat d'assessorar-te.<\/p>                <\/div>\r\n            <\/div>\r\n                \t\t<\/div>\n\t\t\t\t<\/div>\n\t\t\t\t<div class=\"elementor-element elementor-element-d308f3a elementor-widget elementor-widget-shortcode\" data-id=\"d308f3a\" data-element_type=\"widget\" data-widget_type=\"shortcode.default\">\n\t\t\t\t<div class=\"elementor-widget-container\">\n\t\t\t\t\t<div class=\"elementor-shortcode\">\n<div class=\"wpcf7 no-js\" id=\"wpcf7-f3355-o1\" lang=\"ca\" dir=\"ltr\">\n<div class=\"screen-reader-response\"><p role=\"status\" aria-live=\"polite\" aria-atomic=\"true\"><\/p> <ul><\/ul><\/div>\n<form action=\"\/ca\/wp-json\/wp\/v2\/pages\/3336#wpcf7-f3355-o1\" method=\"post\" class=\"wpcf7-form init\" aria-label=\"Formulari de contacte\" novalidate=\"novalidate\" data-status=\"init\">\n<div style=\"display: none;\">\n<input type=\"hidden\" name=\"_wpcf7\" value=\"3355\" \/>\n<input type=\"hidden\" name=\"_wpcf7_version\" value=\"5.9.8\" \/>\n<input type=\"hidden\" name=\"_wpcf7_locale\" value=\"ca\" \/>\n<input type=\"hidden\" name=\"_wpcf7_unit_tag\" value=\"wpcf7-f3355-o1\" \/>\n<input type=\"hidden\" name=\"_wpcf7_container_post\" value=\"0\" \/>\n<input type=\"hidden\" name=\"_wpcf7_posted_data_hash\" value=\"\" \/>\n<input type=\"hidden\" name=\"_wpcf7_recaptcha_response\" value=\"\" \/>\n<\/div>\n<div class=\"container\">\n<div id=\"contactForm\">\n    <div class=\"row\">\n        <div class=\"col-lg-6 col-sm-6\">\n            <div class=\"form-group\">\n                <label>Nom<span class=\"wpcf7-form-control-wrap\" data-name=\"uname\"><input size=\"40\" maxlength=\"400\" class=\"wpcf7-form-control wpcf7-text wpcf7-validates-as-required form-control\" aria-required=\"true\" aria-invalid=\"false\" value=\"\" type=\"text\" name=\"uname\" \/><\/span><\/label>\n            <\/div>\n        <\/div>\n\n        <div class=\"col-lg-6 col-sm-6\">\n            <div class=\"form-group\">\n                <label>Email<span class=\"wpcf7-form-control-wrap\" data-name=\"uemail\"><input size=\"40\" maxlength=\"400\" class=\"wpcf7-form-control wpcf7-email wpcf7-validates-as-required wpcf7-text wpcf7-validates-as-email form-control\" aria-required=\"true\" aria-invalid=\"false\" value=\"\" type=\"email\" name=\"uemail\" \/><\/span><\/label>\n            <\/div>\n        <\/div>\n\n        <div class=\"col-lg-6 col-sm-6\">\n            <div class=\"form-group\">\n                <label>Tel\u00e8fon <span class=\"wpcf7-form-control-wrap\" data-name=\"unumber\"><input class=\"wpcf7-form-control wpcf7-number wpcf7-validates-as-required wpcf7-validates-as-number form-control\" aria-required=\"true\" aria-invalid=\"false\" value=\"\" type=\"number\" name=\"unumber\" \/><\/span><\/label>\n            <\/div>\n        <\/div>\n\n        <div class=\"col-lg-6 col-sm-6\">\n            <div class=\"form-group\">\n                <label>Assumpte <span class=\"wpcf7-form-control-wrap\" data-name=\"usubject\"><input size=\"40\" maxlength=\"400\" class=\"wpcf7-form-control wpcf7-text wpcf7-validates-as-required form-control\" aria-required=\"true\" aria-invalid=\"false\" value=\"\" type=\"text\" name=\"usubject\" \/><\/span><\/label>\n            <\/div>\n        <\/div>\n\n        <div class=\"col-lg-12 col-md-12\">\n            <div class=\"form-group\">\n                <label>Missatge <span class=\"wpcf7-form-control-wrap\" data-name=\"your-message\"><textarea cols=\"40\" rows=\"8\" maxlength=\"2000\" class=\"wpcf7-form-control wpcf7-textarea wpcf7-validates-as-required form-control\" aria-required=\"true\" aria-invalid=\"false\" name=\"your-message\"><\/textarea><\/span><\/label>\n            <\/div>\n        <\/div>\n\n        <div class=\"col-lg-12 col-md-12\">\n            <span class=\"wpcf7-form-control-wrap\" data-name=\"gdpr\"><span class=\"wpcf7-form-control wpcf7-acceptance\"><span class=\"wpcf7-list-item\"><label><input type=\"checkbox\" name=\"gdpr\" value=\"1\" class=\"gdpr-term\" aria-invalid=\"false\" \/><span class=\"wpcf7-list-item-label\">He llegit i accepto els termes i condicions de la <a href=\"\/ca\/politica-de-privacitat\" target=\"_blank\">Pol\u00edtica de Privacitat<\/a>.<\/span><\/label><\/span><\/span><\/span>\n        <\/div>\n\n        <div class=\"col-lg-12 col-md-12\">\n            <button type=\"submit\" class=\"default-btn page-btn\">\n                Enviar missatge\n            <\/button>\n        <\/div>\n    <\/div>\n<\/div>\n<\/div><div class=\"wpcf7-response-output\" aria-hidden=\"true\"><\/div>\n<\/form>\n<\/div>\n<\/div>\n\t\t\t\t<\/div>\n\t\t\t\t<\/div>\n\t\t\t\t\t<\/div>\n\t\t<\/div>\n\t\t\t\t\t<\/div>\n\t\t<\/div>\n\t\t\t\t<\/div>\n\t\t","protected":false},"excerpt":{"rendered":"<p>FAQs Preguntes Freq\u00fcents Necessites m\u00e9s informaci\u00f3 sobre Aiscad i el software Bentley i Mapia? Aqu\u00ed et resolem alguns dels dubtes m\u00e9s habituals. Quins productes de Bentley comercialitzem? Comercialitzem tota la cartera de productes de Bentley i estem especialitzats en MicroStation, iTwin Capture, OpenCities Map, OpenFlows, OpenRoads, OpenSite. Quins tipus de llic\u00e8ncia hi ha disponibles per <\/p>\n","protected":false},"author":1,"featured_media":0,"parent":0,"menu_order":0,"comment_status":"closed","ping_status":"closed","template":"","meta":{"_acf_changed":false,"footnotes":""},"class_list":["post-3336","page","type-page","status-publish","hentry"],"acf":[],"yoast_head":"<!-- This site is optimized with the Yoast SEO plugin v23.7 - https:\/\/yoast.com\/wordpress\/plugins\/seo\/ -->\n<title>Preguntes Freq\u00fcents (FAQ) - AISCAD<\/title>\n<meta name=\"robots\" content=\"index, follow, max-snippet:-1, max-image-preview:large, max-video-preview:-1\" \/>\n<link rel=\"canonical\" href=\"https:\/\/aiscad.com\/ca\/faq-aiscad-software-bentley\" \/>\n<meta property=\"og:locale\" content=\"ca_ES\" \/>\n<meta property=\"og:type\" content=\"article\" \/>\n<meta property=\"og:title\" content=\"Preguntes Freq\u00fcents (FAQ) - AISCAD\" \/>\n<meta property=\"og:description\" content=\"FAQs Preguntes Freq\u00fcents Necessites m\u00e9s informaci\u00f3 sobre Aiscad i el software Bentley i Mapia? Aqu\u00ed et resolem alguns dels dubtes m\u00e9s habituals. Quins productes de Bentley comercialitzem? Comercialitzem tota la cartera de productes de Bentley i estem especialitzats en MicroStation, iTwin Capture, OpenCities Map, OpenFlows, OpenRoads, OpenSite. Quins tipus de llic\u00e8ncia hi ha disponibles per\" \/>\n<meta property=\"og:url\" content=\"https:\/\/aiscad.com\/ca\/faq-aiscad-software-bentley\" \/>\n<meta property=\"og:site_name\" content=\"AISCAD\" \/>\n<meta property=\"article:modified_time\" content=\"2024-10-11T16:32:56+00:00\" \/>\n<meta property=\"og:image\" content=\"http:\/\/aiscad.com\/wp-content\/uploads\/2024\/10\/sobreuso-licencias-bentley-300x134.png\" \/>\n<meta name=\"twitter:card\" content=\"summary_large_image\" \/>\n<meta name=\"twitter:label1\" content=\"Temps estimat de lectura\" \/>\n\t<meta name=\"twitter:data1\" content=\"3 minuts\" \/>\n<script type=\"application\/ld+json\" class=\"yoast-schema-graph\">{\"@context\":\"https:\/\/schema.org\",\"@graph\":[{\"@type\":\"WebPage\",\"@id\":\"https:\/\/aiscad.com\/ca\/faq-aiscad-software-bentley\",\"url\":\"https:\/\/aiscad.com\/ca\/faq-aiscad-software-bentley\",\"name\":\"Preguntes Freq\u00fcents (FAQ) - AISCAD\",\"isPartOf\":{\"@id\":\"https:\/\/aiscad.com\/ca#website\"},\"primaryImageOfPage\":{\"@id\":\"https:\/\/aiscad.com\/ca\/faq-aiscad-software-bentley#primaryimage\"},\"image\":{\"@id\":\"https:\/\/aiscad.com\/ca\/faq-aiscad-software-bentley#primaryimage\"},\"thumbnailUrl\":\"http:\/\/aiscad.com\/wp-content\/uploads\/2024\/10\/sobreuso-licencias-bentley-300x134.png\",\"datePublished\":\"2020-07-20T08:36:27+00:00\",\"dateModified\":\"2024-10-11T16:32:56+00:00\",\"breadcrumb\":{\"@id\":\"https:\/\/aiscad.com\/ca\/faq-aiscad-software-bentley#breadcrumb\"},\"inLanguage\":\"ca\",\"potentialAction\":[{\"@type\":\"ReadAction\",\"target\":[\"https:\/\/aiscad.com\/ca\/faq-aiscad-software-bentley\"]}]},{\"@type\":\"ImageObject\",\"inLanguage\":\"ca\",\"@id\":\"https:\/\/aiscad.com\/ca\/faq-aiscad-software-bentley#primaryimage\",\"url\":\"http:\/\/aiscad.com\/wp-content\/uploads\/2024\/10\/sobreuso-licencias-bentley-300x134.png\",\"contentUrl\":\"http:\/\/aiscad.com\/wp-content\/uploads\/2024\/10\/sobreuso-licencias-bentley-300x134.png\"},{\"@type\":\"BreadcrumbList\",\"@id\":\"https:\/\/aiscad.com\/ca\/faq-aiscad-software-bentley#breadcrumb\",\"itemListElement\":[{\"@type\":\"ListItem\",\"position\":1,\"name\":\"Home\",\"item\":\"https:\/\/aiscad.com\/ca\"},{\"@type\":\"ListItem\",\"position\":2,\"name\":\"Preguntes Freq\u00fcents (FAQ)\"}]},{\"@type\":\"WebSite\",\"@id\":\"https:\/\/aiscad.com\/ca#website\",\"url\":\"https:\/\/aiscad.com\/ca\",\"name\":\"AISCAD\",\"description\":\"Asesor\u00eda inform\u00e1tica de sistemas CAD\",\"publisher\":{\"@id\":\"https:\/\/aiscad.com\/ca#organization\"},\"potentialAction\":[{\"@type\":\"SearchAction\",\"target\":{\"@type\":\"EntryPoint\",\"urlTemplate\":\"https:\/\/aiscad.com\/ca?s={search_term_string}\"},\"query-input\":{\"@type\":\"PropertyValueSpecification\",\"valueRequired\":true,\"valueName\":\"search_term_string\"}}],\"inLanguage\":\"ca\"},{\"@type\":\"Organization\",\"@id\":\"https:\/\/aiscad.com\/ca#organization\",\"name\":\"AISCAD\",\"url\":\"https:\/\/aiscad.com\/ca\",\"logo\":{\"@type\":\"ImageObject\",\"inLanguage\":\"ca\",\"@id\":\"https:\/\/aiscad.com\/ca#\/schema\/logo\/image\/\",\"url\":\"https:\/\/aiscad.com\/wp-content\/uploads\/2024\/07\/logo-aiscad.png\",\"contentUrl\":\"https:\/\/aiscad.com\/wp-content\/uploads\/2024\/07\/logo-aiscad.png\",\"width\":804,\"height\":204,\"caption\":\"AISCAD\"},\"image\":{\"@id\":\"https:\/\/aiscad.com\/ca#\/schema\/logo\/image\/\"}}]}<\/script>\n<!-- \/ Yoast SEO plugin. -->","yoast_head_json":{"title":"Preguntes Freq\u00fcents (FAQ) - AISCAD","robots":{"index":"index","follow":"follow","max-snippet":"max-snippet:-1","max-image-preview":"max-image-preview:large","max-video-preview":"max-video-preview:-1"},"canonical":"https:\/\/aiscad.com\/ca\/faq-aiscad-software-bentley","og_locale":"ca_ES","og_type":"article","og_title":"Preguntes Freq\u00fcents (FAQ) - AISCAD","og_description":"FAQs Preguntes Freq\u00fcents Necessites m\u00e9s informaci\u00f3 sobre Aiscad i el software Bentley i Mapia? Aqu\u00ed et resolem alguns dels dubtes m\u00e9s habituals. Quins productes de Bentley comercialitzem? Comercialitzem tota la cartera de productes de Bentley i estem especialitzats en MicroStation, iTwin Capture, OpenCities Map, OpenFlows, OpenRoads, OpenSite. Quins tipus de llic\u00e8ncia hi ha disponibles per","og_url":"https:\/\/aiscad.com\/ca\/faq-aiscad-software-bentley","og_site_name":"AISCAD","article_modified_time":"2024-10-11T16:32:56+00:00","og_image":[{"url":"http:\/\/aiscad.com\/wp-content\/uploads\/2024\/10\/sobreuso-licencias-bentley-300x134.png"}],"twitter_card":"summary_large_image","twitter_misc":{"Temps estimat de lectura":"3 minuts"},"schema":{"@context":"https:\/\/schema.org","@graph":[{"@type":"WebPage","@id":"https:\/\/aiscad.com\/ca\/faq-aiscad-software-bentley","url":"https:\/\/aiscad.com\/ca\/faq-aiscad-software-bentley","name":"Preguntes Freq\u00fcents (FAQ) - AISCAD","isPartOf":{"@id":"https:\/\/aiscad.com\/ca#website"},"primaryImageOfPage":{"@id":"https:\/\/aiscad.com\/ca\/faq-aiscad-software-bentley#primaryimage"},"image":{"@id":"https:\/\/aiscad.com\/ca\/faq-aiscad-software-bentley#primaryimage"},"thumbnailUrl":"http:\/\/aiscad.com\/wp-content\/uploads\/2024\/10\/sobreuso-licencias-bentley-300x134.png","datePublished":"2020-07-20T08:36:27+00:00","dateModified":"2024-10-11T16:32:56+00:00","breadcrumb":{"@id":"https:\/\/aiscad.com\/ca\/faq-aiscad-software-bentley#breadcrumb"},"inLanguage":"ca","potentialAction":[{"@type":"ReadAction","target":["https:\/\/aiscad.com\/ca\/faq-aiscad-software-bentley"]}]},{"@type":"ImageObject","inLanguage":"ca","@id":"https:\/\/aiscad.com\/ca\/faq-aiscad-software-bentley#primaryimage","url":"http:\/\/aiscad.com\/wp-content\/uploads\/2024\/10\/sobreuso-licencias-bentley-300x134.png","contentUrl":"http:\/\/aiscad.com\/wp-content\/uploads\/2024\/10\/sobreuso-licencias-bentley-300x134.png"},{"@type":"BreadcrumbList","@id":"https:\/\/aiscad.com\/ca\/faq-aiscad-software-bentley#breadcrumb","itemListElement":[{"@type":"ListItem","position":1,"name":"Home","item":"https:\/\/aiscad.com\/ca"},{"@type":"ListItem","position":2,"name":"Preguntes Freq\u00fcents (FAQ)"}]},{"@type":"WebSite","@id":"https:\/\/aiscad.com\/ca#website","url":"https:\/\/aiscad.com\/ca","name":"AISCAD","description":"Asesor\u00eda inform\u00e1tica de sistemas CAD","publisher":{"@id":"https:\/\/aiscad.com\/ca#organization"},"potentialAction":[{"@type":"SearchAction","target":{"@type":"EntryPoint","urlTemplate":"https:\/\/aiscad.com\/ca?s={search_term_string}"},"query-input":{"@type":"PropertyValueSpecification","valueRequired":true,"valueName":"search_term_string"}}],"inLanguage":"ca"},{"@type":"Organization","@id":"https:\/\/aiscad.com\/ca#organization","name":"AISCAD","url":"https:\/\/aiscad.com\/ca","logo":{"@type":"ImageObject","inLanguage":"ca","@id":"https:\/\/aiscad.com\/ca#\/schema\/logo\/image\/","url":"https:\/\/aiscad.com\/wp-content\/uploads\/2024\/07\/logo-aiscad.png","contentUrl":"https:\/\/aiscad.com\/wp-content\/uploads\/2024\/07\/logo-aiscad.png","width":804,"height":204,"caption":"AISCAD"},"image":{"@id":"https:\/\/aiscad.com\/ca#\/schema\/logo\/image\/"}}]}},"_links":{"self":[{"href":"https:\/\/aiscad.com\/ca\/wp-json\/wp\/v2\/pages\/3336","targetHints":{"allow":["GET"]}}],"collection":[{"href":"https:\/\/aiscad.com\/ca\/wp-json\/wp\/v2\/pages"}],"about":[{"href":"https:\/\/aiscad.com\/ca\/wp-json\/wp\/v2\/types\/page"}],"author":[{"embeddable":true,"href":"https:\/\/aiscad.com\/ca\/wp-json\/wp\/v2\/users\/1"}],"replies":[{"embeddable":true,"href":"https:\/\/aiscad.com\/ca\/wp-json\/wp\/v2\/comments?post=3336"}],"version-history":[{"count":7,"href":"https:\/\/aiscad.com\/ca\/wp-json\/wp\/v2\/pages\/3336\/revisions"}],"predecessor-version":[{"id":3343,"href":"https:\/\/aiscad.com\/ca\/wp-json\/wp\/v2\/pages\/3336\/revisions\/3343"}],"wp:attachment":[{"href":"https:\/\/aiscad.com\/ca\/wp-json\/wp\/v2\/media?parent=3336"}],"curies":[{"name":"wp","href":"https:\/\/api.w.org\/{rel}","templated":true}]}}