{"id":3346,"date":"2024-09-18T15:13:46","date_gmt":"2024-09-18T15:13:46","guid":{"rendered":"https:\/\/aiscad.com\/accesibilidad"},"modified":"2024-10-23T11:04:35","modified_gmt":"2024-10-23T11:04:35","slug":"accesibilidad","status":"publish","type":"page","link":"https:\/\/aiscad.com\/ca\/accesibilidad","title":{"rendered":"Accessibilitat"},"content":{"rendered":"<h2 class=\"wp-block-heading\"><span style=\"color: #021985;\">Declaraci\u00f3 d&#8217;accesibilitat<\/span><\/h2>\n<p><strong>Aiscad<\/strong>, s&#8217;ha comprom\u00e8s a fer accessible el vostre lloc web de conformitat amb la Normativa Europea EN 301 549 V3.2.1 (2021-03), sobre Requisits d&#8217;accessibilitat per a productes i serveis TIC.<\/p>\n<p>Aquesta declaraci\u00f3 d&#8217;accessibilitat s&#8217;aplica al lloc web <a href=\"https:\/\/www.aiscad.com\">https:\/\/www.aiscad.com<\/a> (els subdominis d&#8217;aquest lloc web tindran declaracions d&#8217;accessibilitat pr\u00f2pies).<\/p>\n<p><strong>Situaci\u00f3 de cumpliment<\/strong><\/p>\n<p>Aquest lloc web \u00e9s <strong> parcialment conforme <\/strong>amb la Normativa Europea EN 301 549 V3.2.1 (2021-03)<\/p>\n<p><strong>Preparaci\u00f3 d&#8217;aquesta declaraci\u00f3 d&#8217;accessibilitat<\/strong><\/p>\n<p>Aquesta declaraci\u00f3 va ser redactada el 20 d&#8217;octubre de 2024.<\/p>\n<p>El m\u00e8tode utilitzat per preparar la declaraci\u00f3 ha estat una autoavaluaci\u00f3 duta a terme per la pr\u00f2pia empresa de desenvolupament web (agent digitalitzador).<\/p>\n<p><strong>Observacions i dades de contacte<\/strong><\/p>\n<p>Podeu realitzar comunicacions sobre requisits d&#8217;accessibilitat, com ara:<\/p>\n<ul>\n<li>Informar sobre qualsevol possible incompliment per part d&#8217;aquest lloc web.<\/li>\n<li>Transmetre altres dificultats d&#8217;acc\u00e9s al contingut.<\/li>\n<li>Formular qualsevol altra consulta o suggeriment de millora relativa a l&#8217;accessibilitat del lloc web.<\/li>\n<\/ul>\n<p>A trav\u00e9s del correu electr\u00f2nic <a href=\"mailto:aiscad@aiscad.com\">aiscad@aiscad.com<\/a>.<\/p>\n<p>Tamb\u00e9 podeu sol\u00b7licitar en format accessible informaci\u00f3 que no compleixi amb els requisits d&#8217;accessibilitat b\u00e9 per estar exclosa, b\u00e9 per estar exempta per c\u00e0rrega desproporcionada; o formular una queixa per incompliment dels requisits daccessibilitat.<\/p>\n<p><strong>Contingut opcional<\/strong><\/p>\n<p>La versi\u00f3 actualment visible d&#8217;aquest lloc web \u00e9s d&#8217;octubre de 2024 i en aquesta data es va fer la revisi\u00f3 del nivell d&#8217;accessibilitat vigent en aquell moment.<\/p>\n<p>A partir de la data esmentada es duen a terme revisions parcials del contingut web nou o modificat, tant de les plantilles com de les p\u00e0gines i documents finals publicats, a fi d&#8217;assegurar el compliment dels requeriments d&#8217;accessibilitat de la Norma EN 301 549 V3. 2.1 (2021-03).<\/p>\n<p>Entre altres, s&#8217;adopten les mesures seg\u00fcents per facilitar l&#8217;accessibilitat:<\/p>\n<ul>\n<li>Utilitzaci\u00f3 de text alternatiu a les imatges, excepte a les imatges merament decoratives<\/li>\n<li>\u00das dels est\u00e0ndards del W3C: XHTML 1.0, CSS 3.0, WAI AA.<\/li>\n<\/ul>\n<p>El lloc web est\u00e0 optimitzat per a les darreres versions vigents dels navegadors Edge, FireFox, Safari, Opera i Google Chrome. La resoluci\u00f3 web m\u00ednima recomanada \u00e9s de 1280\u00d71024.<\/p>\n<p>El lloc web est\u00e0 dissenyat per a la seva visualitzaci\u00f3 Responsive (adaptable), de manera que es visualitza de forma \u00f2ptima als dispositius m\u00f2bils (tablet i smartphones). En aquests dispositius est\u00e0 optimitzat per visualitzar-lo en les \u00faltimes versions vigents de Chrome for mobile, Firefox for mobile, Safari mobile, Opera Mini i navegador nadiu d&#8217;Android.<\/p>\n","protected":false},"excerpt":{"rendered":"<p>Declaraci\u00f3 d&#8217;accesibilitat Aiscad, s&#8217;ha comprom\u00e8s a fer accessible el vostre lloc web de conformitat amb la Normativa Europea EN 301 549 V3.2.1 (2021-03), sobre Requisits d&#8217;accessibilitat per a productes i serveis TIC. Aquesta declaraci\u00f3 d&#8217;accessibilitat s&#8217;aplica al lloc web https:\/\/www.aiscad.com (els subdominis d&#8217;aquest lloc web tindran declaracions d&#8217;accessibilitat pr\u00f2pies). Situaci\u00f3 de cumpliment Aquest lloc web <\/p>\n","protected":false},"author":1,"featured_media":0,"parent":0,"menu_order":0,"comment_status":"closed","ping_status":"closed","template":"","meta":{"_acf_changed":false,"footnotes":""},"class_list":["post-3346","page","type-page","status-publish","hentry"],"acf":[],"yoast_head":"<!-- This site is optimized with the Yoast SEO plugin v23.7 - https:\/\/yoast.com\/wordpress\/plugins\/seo\/ -->\n<title>Accessibilitat - AISCAD<\/title>\n<meta name=\"robots\" content=\"index, follow, max-snippet:-1, max-image-preview:large, max-video-preview:-1\" \/>\n<link rel=\"canonical\" href=\"https:\/\/aiscad.com\/ca\/accesibilidad\" \/>\n<meta property=\"og:locale\" content=\"ca_ES\" \/>\n<meta property=\"og:type\" content=\"article\" \/>\n<meta property=\"og:title\" content=\"Accessibilitat - AISCAD\" \/>\n<meta property=\"og:description\" content=\"Declaraci\u00f3 d&#8217;accesibilitat Aiscad, s&#8217;ha comprom\u00e8s a fer accessible el vostre lloc web de conformitat amb la Normativa Europea EN 301 549 V3.2.1 (2021-03), sobre Requisits d&#8217;accessibilitat per a productes i serveis TIC. Aquesta declaraci\u00f3 d&#8217;accessibilitat s&#8217;aplica al lloc web https:\/\/www.aiscad.com (els subdominis d&#8217;aquest lloc web tindran declaracions d&#8217;accessibilitat pr\u00f2pies). Situaci\u00f3 de cumpliment Aquest lloc web\" \/>\n<meta property=\"og:url\" content=\"https:\/\/aiscad.com\/ca\/accesibilidad\" \/>\n<meta property=\"og:site_name\" content=\"AISCAD\" \/>\n<meta property=\"article:modified_time\" content=\"2024-10-23T11:04:35+00:00\" \/>\n<meta name=\"twitter:card\" content=\"summary_large_image\" \/>\n<meta name=\"twitter:label1\" content=\"Temps estimat de lectura\" \/>\n\t<meta name=\"twitter:data1\" content=\"2 minuts\" \/>\n<script type=\"application\/ld+json\" class=\"yoast-schema-graph\">{\"@context\":\"https:\/\/schema.org\",\"@graph\":[{\"@type\":\"WebPage\",\"@id\":\"https:\/\/aiscad.com\/ca\/accesibilidad\",\"url\":\"https:\/\/aiscad.com\/ca\/accesibilidad\",\"name\":\"Accessibilitat - AISCAD\",\"isPartOf\":{\"@id\":\"https:\/\/aiscad.com\/ca#website\"},\"datePublished\":\"2024-09-18T15:13:46+00:00\",\"dateModified\":\"2024-10-23T11:04:35+00:00\",\"breadcrumb\":{\"@id\":\"https:\/\/aiscad.com\/ca\/accesibilidad#breadcrumb\"},\"inLanguage\":\"ca\",\"potentialAction\":[{\"@type\":\"ReadAction\",\"target\":[\"https:\/\/aiscad.com\/ca\/accesibilidad\"]}]},{\"@type\":\"BreadcrumbList\",\"@id\":\"https:\/\/aiscad.com\/ca\/accesibilidad#breadcrumb\",\"itemListElement\":[{\"@type\":\"ListItem\",\"position\":1,\"name\":\"Home\",\"item\":\"https:\/\/aiscad.com\/ca\"},{\"@type\":\"ListItem\",\"position\":2,\"name\":\"Accessibilitat\"}]},{\"@type\":\"WebSite\",\"@id\":\"https:\/\/aiscad.com\/ca#website\",\"url\":\"https:\/\/aiscad.com\/ca\",\"name\":\"AISCAD\",\"description\":\"Asesor\u00eda inform\u00e1tica de sistemas CAD\",\"publisher\":{\"@id\":\"https:\/\/aiscad.com\/ca#organization\"},\"potentialAction\":[{\"@type\":\"SearchAction\",\"target\":{\"@type\":\"EntryPoint\",\"urlTemplate\":\"https:\/\/aiscad.com\/ca?s={search_term_string}\"},\"query-input\":{\"@type\":\"PropertyValueSpecification\",\"valueRequired\":true,\"valueName\":\"search_term_string\"}}],\"inLanguage\":\"ca\"},{\"@type\":\"Organization\",\"@id\":\"https:\/\/aiscad.com\/ca#organization\",\"name\":\"AISCAD\",\"url\":\"https:\/\/aiscad.com\/ca\",\"logo\":{\"@type\":\"ImageObject\",\"inLanguage\":\"ca\",\"@id\":\"https:\/\/aiscad.com\/ca#\/schema\/logo\/image\/\",\"url\":\"https:\/\/aiscad.com\/wp-content\/uploads\/2024\/07\/logo-aiscad.png\",\"contentUrl\":\"https:\/\/aiscad.com\/wp-content\/uploads\/2024\/07\/logo-aiscad.png\",\"width\":804,\"height\":204,\"caption\":\"AISCAD\"},\"image\":{\"@id\":\"https:\/\/aiscad.com\/ca#\/schema\/logo\/image\/\"}}]}<\/script>\n<!-- \/ Yoast SEO plugin. -->","yoast_head_json":{"title":"Accessibilitat - AISCAD","robots":{"index":"index","follow":"follow","max-snippet":"max-snippet:-1","max-image-preview":"max-image-preview:large","max-video-preview":"max-video-preview:-1"},"canonical":"https:\/\/aiscad.com\/ca\/accesibilidad","og_locale":"ca_ES","og_type":"article","og_title":"Accessibilitat - AISCAD","og_description":"Declaraci\u00f3 d&#8217;accesibilitat Aiscad, s&#8217;ha comprom\u00e8s a fer accessible el vostre lloc web de conformitat amb la Normativa Europea EN 301 549 V3.2.1 (2021-03), sobre Requisits d&#8217;accessibilitat per a productes i serveis TIC. Aquesta declaraci\u00f3 d&#8217;accessibilitat s&#8217;aplica al lloc web https:\/\/www.aiscad.com (els subdominis d&#8217;aquest lloc web tindran declaracions d&#8217;accessibilitat pr\u00f2pies). Situaci\u00f3 de cumpliment Aquest lloc web","og_url":"https:\/\/aiscad.com\/ca\/accesibilidad","og_site_name":"AISCAD","article_modified_time":"2024-10-23T11:04:35+00:00","twitter_card":"summary_large_image","twitter_misc":{"Temps estimat de lectura":"2 minuts"},"schema":{"@context":"https:\/\/schema.org","@graph":[{"@type":"WebPage","@id":"https:\/\/aiscad.com\/ca\/accesibilidad","url":"https:\/\/aiscad.com\/ca\/accesibilidad","name":"Accessibilitat - AISCAD","isPartOf":{"@id":"https:\/\/aiscad.com\/ca#website"},"datePublished":"2024-09-18T15:13:46+00:00","dateModified":"2024-10-23T11:04:35+00:00","breadcrumb":{"@id":"https:\/\/aiscad.com\/ca\/accesibilidad#breadcrumb"},"inLanguage":"ca","potentialAction":[{"@type":"ReadAction","target":["https:\/\/aiscad.com\/ca\/accesibilidad"]}]},{"@type":"BreadcrumbList","@id":"https:\/\/aiscad.com\/ca\/accesibilidad#breadcrumb","itemListElement":[{"@type":"ListItem","position":1,"name":"Home","item":"https:\/\/aiscad.com\/ca"},{"@type":"ListItem","position":2,"name":"Accessibilitat"}]},{"@type":"WebSite","@id":"https:\/\/aiscad.com\/ca#website","url":"https:\/\/aiscad.com\/ca","name":"AISCAD","description":"Asesor\u00eda inform\u00e1tica de sistemas CAD","publisher":{"@id":"https:\/\/aiscad.com\/ca#organization"},"potentialAction":[{"@type":"SearchAction","target":{"@type":"EntryPoint","urlTemplate":"https:\/\/aiscad.com\/ca?s={search_term_string}"},"query-input":{"@type":"PropertyValueSpecification","valueRequired":true,"valueName":"search_term_string"}}],"inLanguage":"ca"},{"@type":"Organization","@id":"https:\/\/aiscad.com\/ca#organization","name":"AISCAD","url":"https:\/\/aiscad.com\/ca","logo":{"@type":"ImageObject","inLanguage":"ca","@id":"https:\/\/aiscad.com\/ca#\/schema\/logo\/image\/","url":"https:\/\/aiscad.com\/wp-content\/uploads\/2024\/07\/logo-aiscad.png","contentUrl":"https:\/\/aiscad.com\/wp-content\/uploads\/2024\/07\/logo-aiscad.png","width":804,"height":204,"caption":"AISCAD"},"image":{"@id":"https:\/\/aiscad.com\/ca#\/schema\/logo\/image\/"}}]}},"_links":{"self":[{"href":"https:\/\/aiscad.com\/ca\/wp-json\/wp\/v2\/pages\/3346","targetHints":{"allow":["GET"]}}],"collection":[{"href":"https:\/\/aiscad.com\/ca\/wp-json\/wp\/v2\/pages"}],"about":[{"href":"https:\/\/aiscad.com\/ca\/wp-json\/wp\/v2\/types\/page"}],"author":[{"embeddable":true,"href":"https:\/\/aiscad.com\/ca\/wp-json\/wp\/v2\/users\/1"}],"replies":[{"embeddable":true,"href":"https:\/\/aiscad.com\/ca\/wp-json\/wp\/v2\/comments?post=3346"}],"version-history":[{"count":1,"href":"https:\/\/aiscad.com\/ca\/wp-json\/wp\/v2\/pages\/3346\/revisions"}],"predecessor-version":[{"id":3347,"href":"https:\/\/aiscad.com\/ca\/wp-json\/wp\/v2\/pages\/3346\/revisions\/3347"}],"wp:attachment":[{"href":"https:\/\/aiscad.com\/ca\/wp-json\/wp\/v2\/media?parent=3346"}],"curies":[{"name":"wp","href":"https:\/\/api.w.org\/{rel}","templated":true}]}}