{"id":3349,"date":"2024-09-18T15:28:56","date_gmt":"2024-09-18T15:28:56","guid":{"rendered":"https:\/\/aiscad.com\/politica-de-cookies"},"modified":"2024-10-24T09:10:15","modified_gmt":"2024-10-24T09:10:15","slug":"politica-de-cookies","status":"publish","type":"page","link":"https:\/\/aiscad.com\/ca\/politica-de-cookies","title":{"rendered":"Pol\u00edtica de cookies"},"content":{"rendered":"<p>Data de vig\u00e8ncia: 18 de setembre de 2024<br \/>\nDarrera actualitzaci\u00f3: 18 de setembre de 2024<\/p>\n<h4>Qu\u00e8 s\u00f3n les cookies?<\/h4>\n<p>Aquesta Pol\u00edtica de cookies explica qu\u00e8 s\u00f3n les galetes i com les fem servir, els tipus de galetes que utilitzem, \u00e9s a dir, la informaci\u00f3 que recopilem mitjan\u00e7ant galetes i com s&#8217;usa aquesta informaci\u00f3, i com administrar la configuraci\u00f3 de les galetes.<\/p>\n<p>Les galetes s\u00f3n petits fitxers de text que s&#8217;utilitzen per emmagatzemar petits fragments d&#8217;informaci\u00f3. S&#8217;emmagatzemen al dispositiu quan el lloc web es carrega al navegador. Aquestes cookies ens ajuden a fer que el lloc web funcioni correctament, fer-lo m\u00e9s segur, brindar una millor experi\u00e8ncia d&#8217;usuari i comprendre com funciona el lloc web i analitzar qu\u00e8 funciona i on necessita millorar.<\/p>\n<h4>Com utilitzem les cookies?<\/h4>\n<p>Com la majoria dels serveis en l\u00ednia, el nostre lloc web utilitza cookies pr\u00f2pies i de tercers per a diversos prop\u00f2sits. Les cookies d&#8217;origen s\u00f3n majorit\u00e0riament necess\u00e0ries perqu\u00e8 el lloc web funcioni correctament i no recopilen cap de les vostres dades d&#8217;identificaci\u00f3 personal.<\/p>\n<p>Les cookies de tercers utilitzades al nostre lloc web s\u00f3n principalment per comprendre com funciona el lloc web, com interactua vost\u00e8 amb el nostre lloc web, mantenir els nostres serveis segurs, proporcionar anuncis que siguin rellevants per a vost\u00e8 i, en general, oferir-li un usuari millor i millorat . experi\u00e8ncia i ajudar a accelerar les seves futures interaccions amb el nostre lloc web.<\/p>\n<h4>Tipus de cookies que utilitzem<\/h4>\n<div class=\"cky-audit-table-element\"><\/div>\n<h4>Gestionar les prefer\u00e8ncies de cookies<\/h4>\n<p><a class=\"cky-banner-element\">Configuraci\u00f3 de cookies<\/a><\/p>\n<p>Podeu canviar les vostres prefer\u00e8ncies de cookies en qualsevol moment fent clic a l&#8217;enlla\u00e7 de dalt. Aix\u00f2 us permetr\u00e0 tornar a visitar el banner de consentiment de cookies i canviar les vostres prefer\u00e8ncies o retirar el vostre consentiment immediatament.<\/p>\n<p>A m\u00e9s d&#8217;aix\u00f2, diferents navegadors ofereixen diferents m\u00e8todes per bloquejar i eliminar les galetes utilitzades pels llocs web. Podeu canviar la configuraci\u00f3 del vostre navegador per bloquejar\/eliminar les cookies. A continuaci\u00f3 s&#8217;enumeren els enlla\u00e7os als documents de suport sobre com administrar i eliminar galetes dels principals navegadors web.<\/p>\n<p>Chrome: <a href=\"https:\/\/support.google.com\/accounts\/answer\/32050\" target=\"_blank\" rel=\"noopener\">https:\/\/support.google.com\/accounts\/answer\/32050<\/a><\/p>\n<p>Safari: <a href=\"https:\/\/support.apple.com\/en-in\/guide\/safari\/sfri11471\/mac\" target=\"_blank\" rel=\"noopener\">https:\/\/support.apple.com\/en-in\/guide\/safari\/sfri11471\/mac<\/a><\/p>\n<p>Firefox: <a href=\"https:\/\/support.mozilla.org\/en-US\/kb\/clear-cookies-and-site-data-firefox?redirectslug=delete-cookies-remove-info-websites-stored&amp;redirectlocale=en-US\" target=\"_blank\" rel=\"noopener\">https:\/\/support.mozilla.org\/en-US\/kb\/clear-cookies-and-site-data-firefox?redirectslug=delete-cookies-remove-info-websites-stored&amp;redirectlocale=en-US<\/a><\/p>\n<p>Microsoft Edge: <a href=\"https:\/\/support.microsoft.com\/es-es\/windows\/administrar-cookies-en-microsoft-edge-ver-permitir-bloquear-eliminar-y-usar-168dab11-0753-043d-7c16-ede5947fc64d\" target=\"_blank\" rel=\"noopener\">https:\/\/support.microsoft.com\/es-es\/windows\/administrar-cookies-en-microsoft-edge-ver-permitir-bloquear-eliminar-y-usar-168dab11-0753-043d-7c16-ede5947fc64d<\/a><\/p>\n<p>Si utilitzeu qualsevol altre navegador web, visiteu els documents de suport oficials del vostre navegador.<\/p>\n","protected":false},"excerpt":{"rendered":"<p>Data de vig\u00e8ncia: 18 de setembre de 2024 Darrera actualitzaci\u00f3: 18 de setembre de 2024 Qu\u00e8 s\u00f3n les cookies? Aquesta Pol\u00edtica de cookies explica qu\u00e8 s\u00f3n les galetes i com les fem servir, els tipus de galetes que utilitzem, \u00e9s a dir, la informaci\u00f3 que recopilem mitjan\u00e7ant galetes i com s&#8217;usa aquesta informaci\u00f3, i com <\/p>\n","protected":false},"author":1,"featured_media":0,"parent":0,"menu_order":0,"comment_status":"closed","ping_status":"closed","template":"","meta":{"_acf_changed":false,"footnotes":""},"class_list":["post-3349","page","type-page","status-publish","hentry"],"acf":[],"yoast_head":"<!-- This site is optimized with the Yoast SEO plugin v23.7 - https:\/\/yoast.com\/wordpress\/plugins\/seo\/ -->\n<title>Pol\u00edtica de cookies - AISCAD<\/title>\n<meta name=\"robots\" content=\"index, follow, max-snippet:-1, max-image-preview:large, max-video-preview:-1\" \/>\n<link rel=\"canonical\" href=\"https:\/\/aiscad.com\/ca\/politica-de-cookies\" \/>\n<meta property=\"og:locale\" content=\"ca_ES\" \/>\n<meta property=\"og:type\" content=\"article\" \/>\n<meta property=\"og:title\" content=\"Pol\u00edtica de cookies - AISCAD\" \/>\n<meta property=\"og:description\" content=\"Data de vig\u00e8ncia: 18 de setembre de 2024 Darrera actualitzaci\u00f3: 18 de setembre de 2024 Qu\u00e8 s\u00f3n les cookies? Aquesta Pol\u00edtica de cookies explica qu\u00e8 s\u00f3n les galetes i com les fem servir, els tipus de galetes que utilitzem, \u00e9s a dir, la informaci\u00f3 que recopilem mitjan\u00e7ant galetes i com s&#8217;usa aquesta informaci\u00f3, i com\" \/>\n<meta property=\"og:url\" content=\"https:\/\/aiscad.com\/ca\/politica-de-cookies\" \/>\n<meta property=\"og:site_name\" content=\"AISCAD\" \/>\n<meta property=\"article:modified_time\" content=\"2024-10-24T09:10:15+00:00\" \/>\n<meta name=\"twitter:card\" content=\"summary_large_image\" \/>\n<meta name=\"twitter:label1\" content=\"Temps estimat de lectura\" \/>\n\t<meta name=\"twitter:data1\" content=\"2 minuts\" \/>\n<script type=\"application\/ld+json\" class=\"yoast-schema-graph\">{\"@context\":\"https:\/\/schema.org\",\"@graph\":[{\"@type\":\"WebPage\",\"@id\":\"https:\/\/aiscad.com\/ca\/politica-de-cookies\",\"url\":\"https:\/\/aiscad.com\/ca\/politica-de-cookies\",\"name\":\"Pol\u00edtica de cookies - AISCAD\",\"isPartOf\":{\"@id\":\"https:\/\/aiscad.com\/ca#website\"},\"datePublished\":\"2024-09-18T15:28:56+00:00\",\"dateModified\":\"2024-10-24T09:10:15+00:00\",\"breadcrumb\":{\"@id\":\"https:\/\/aiscad.com\/ca\/politica-de-cookies#breadcrumb\"},\"inLanguage\":\"ca\",\"potentialAction\":[{\"@type\":\"ReadAction\",\"target\":[\"https:\/\/aiscad.com\/ca\/politica-de-cookies\"]}]},{\"@type\":\"BreadcrumbList\",\"@id\":\"https:\/\/aiscad.com\/ca\/politica-de-cookies#breadcrumb\",\"itemListElement\":[{\"@type\":\"ListItem\",\"position\":1,\"name\":\"Home\",\"item\":\"https:\/\/aiscad.com\/ca\"},{\"@type\":\"ListItem\",\"position\":2,\"name\":\"Pol\u00edtica de cookies\"}]},{\"@type\":\"WebSite\",\"@id\":\"https:\/\/aiscad.com\/ca#website\",\"url\":\"https:\/\/aiscad.com\/ca\",\"name\":\"AISCAD\",\"description\":\"Asesor\u00eda inform\u00e1tica de sistemas CAD\",\"publisher\":{\"@id\":\"https:\/\/aiscad.com\/ca#organization\"},\"potentialAction\":[{\"@type\":\"SearchAction\",\"target\":{\"@type\":\"EntryPoint\",\"urlTemplate\":\"https:\/\/aiscad.com\/ca?s={search_term_string}\"},\"query-input\":{\"@type\":\"PropertyValueSpecification\",\"valueRequired\":true,\"valueName\":\"search_term_string\"}}],\"inLanguage\":\"ca\"},{\"@type\":\"Organization\",\"@id\":\"https:\/\/aiscad.com\/ca#organization\",\"name\":\"AISCAD\",\"url\":\"https:\/\/aiscad.com\/ca\",\"logo\":{\"@type\":\"ImageObject\",\"inLanguage\":\"ca\",\"@id\":\"https:\/\/aiscad.com\/ca#\/schema\/logo\/image\/\",\"url\":\"https:\/\/aiscad.com\/wp-content\/uploads\/2024\/07\/logo-aiscad.png\",\"contentUrl\":\"https:\/\/aiscad.com\/wp-content\/uploads\/2024\/07\/logo-aiscad.png\",\"width\":804,\"height\":204,\"caption\":\"AISCAD\"},\"image\":{\"@id\":\"https:\/\/aiscad.com\/ca#\/schema\/logo\/image\/\"}}]}<\/script>\n<!-- \/ Yoast SEO plugin. -->","yoast_head_json":{"title":"Pol\u00edtica de cookies - AISCAD","robots":{"index":"index","follow":"follow","max-snippet":"max-snippet:-1","max-image-preview":"max-image-preview:large","max-video-preview":"max-video-preview:-1"},"canonical":"https:\/\/aiscad.com\/ca\/politica-de-cookies","og_locale":"ca_ES","og_type":"article","og_title":"Pol\u00edtica de cookies - AISCAD","og_description":"Data de vig\u00e8ncia: 18 de setembre de 2024 Darrera actualitzaci\u00f3: 18 de setembre de 2024 Qu\u00e8 s\u00f3n les cookies? Aquesta Pol\u00edtica de cookies explica qu\u00e8 s\u00f3n les galetes i com les fem servir, els tipus de galetes que utilitzem, \u00e9s a dir, la informaci\u00f3 que recopilem mitjan\u00e7ant galetes i com s&#8217;usa aquesta informaci\u00f3, i com","og_url":"https:\/\/aiscad.com\/ca\/politica-de-cookies","og_site_name":"AISCAD","article_modified_time":"2024-10-24T09:10:15+00:00","twitter_card":"summary_large_image","twitter_misc":{"Temps estimat de lectura":"2 minuts"},"schema":{"@context":"https:\/\/schema.org","@graph":[{"@type":"WebPage","@id":"https:\/\/aiscad.com\/ca\/politica-de-cookies","url":"https:\/\/aiscad.com\/ca\/politica-de-cookies","name":"Pol\u00edtica de cookies - AISCAD","isPartOf":{"@id":"https:\/\/aiscad.com\/ca#website"},"datePublished":"2024-09-18T15:28:56+00:00","dateModified":"2024-10-24T09:10:15+00:00","breadcrumb":{"@id":"https:\/\/aiscad.com\/ca\/politica-de-cookies#breadcrumb"},"inLanguage":"ca","potentialAction":[{"@type":"ReadAction","target":["https:\/\/aiscad.com\/ca\/politica-de-cookies"]}]},{"@type":"BreadcrumbList","@id":"https:\/\/aiscad.com\/ca\/politica-de-cookies#breadcrumb","itemListElement":[{"@type":"ListItem","position":1,"name":"Home","item":"https:\/\/aiscad.com\/ca"},{"@type":"ListItem","position":2,"name":"Pol\u00edtica de cookies"}]},{"@type":"WebSite","@id":"https:\/\/aiscad.com\/ca#website","url":"https:\/\/aiscad.com\/ca","name":"AISCAD","description":"Asesor\u00eda inform\u00e1tica de sistemas CAD","publisher":{"@id":"https:\/\/aiscad.com\/ca#organization"},"potentialAction":[{"@type":"SearchAction","target":{"@type":"EntryPoint","urlTemplate":"https:\/\/aiscad.com\/ca?s={search_term_string}"},"query-input":{"@type":"PropertyValueSpecification","valueRequired":true,"valueName":"search_term_string"}}],"inLanguage":"ca"},{"@type":"Organization","@id":"https:\/\/aiscad.com\/ca#organization","name":"AISCAD","url":"https:\/\/aiscad.com\/ca","logo":{"@type":"ImageObject","inLanguage":"ca","@id":"https:\/\/aiscad.com\/ca#\/schema\/logo\/image\/","url":"https:\/\/aiscad.com\/wp-content\/uploads\/2024\/07\/logo-aiscad.png","contentUrl":"https:\/\/aiscad.com\/wp-content\/uploads\/2024\/07\/logo-aiscad.png","width":804,"height":204,"caption":"AISCAD"},"image":{"@id":"https:\/\/aiscad.com\/ca#\/schema\/logo\/image\/"}}]}},"_links":{"self":[{"href":"https:\/\/aiscad.com\/ca\/wp-json\/wp\/v2\/pages\/3349","targetHints":{"allow":["GET"]}}],"collection":[{"href":"https:\/\/aiscad.com\/ca\/wp-json\/wp\/v2\/pages"}],"about":[{"href":"https:\/\/aiscad.com\/ca\/wp-json\/wp\/v2\/types\/page"}],"author":[{"embeddable":true,"href":"https:\/\/aiscad.com\/ca\/wp-json\/wp\/v2\/users\/1"}],"replies":[{"embeddable":true,"href":"https:\/\/aiscad.com\/ca\/wp-json\/wp\/v2\/comments?post=3349"}],"version-history":[{"count":3,"href":"https:\/\/aiscad.com\/ca\/wp-json\/wp\/v2\/pages\/3349\/revisions"}],"predecessor-version":[{"id":3368,"href":"https:\/\/aiscad.com\/ca\/wp-json\/wp\/v2\/pages\/3349\/revisions\/3368"}],"wp:attachment":[{"href":"https:\/\/aiscad.com\/ca\/wp-json\/wp\/v2\/media?parent=3349"}],"curies":[{"name":"wp","href":"https:\/\/api.w.org\/{rel}","templated":true}]}}