{"id":3356,"date":"2024-09-18T15:21:43","date_gmt":"2024-09-18T15:21:43","guid":{"rendered":"https:\/\/aiscad.com\/politica-de-privacidad"},"modified":"2024-10-23T11:47:50","modified_gmt":"2024-10-23T11:47:50","slug":"politica-de-privacitat","status":"publish","type":"page","link":"https:\/\/aiscad.com\/ca\/politica-de-privacitat","title":{"rendered":"Pol\u00edtica de privacitat"},"content":{"rendered":"<p>En base al que disposa el Reglament General de Protecci\u00f3 de Dades 2016\/679 (RGPD) aquesta Pol\u00edtica de Privadesa estableix els termes en qu\u00e8 AISCAD utilitza i protegeix la informaci\u00f3 que \u00e9s proporcionada pels seus usuaris en el moment d&#8217;utilitzar el lloc web. Quan us demanem informaci\u00f3 personal amb la qual pugueu ser identificat, ho fem assegurant que nom\u00e9s s&#8217;emprar\u00e0 d&#8217;acord amb els termes d&#8217;aquest document. No obstant aix\u00f2, aquesta Pol\u00edtica de Privadesa pot canviar amb el temps o ser actualitzada pel que et recomanem revisar cont\u00ednuament aquesta p\u00e0gina per assegurar-te que est\u00e0s d&#8217;acord amb aquests canvis.<\/p>\n<h3>RESPONSABLE<\/h3>\n<h4>INFORMACI\u00d3 EMPRESA<\/h4>\n<p>Asesor\u00eda Inform\u00e1tica de Sistemas CAD, S.L. | AISCAD<br \/>\n<strong>CIF: <\/strong>B61472536<\/p>\n<p><strong>Adre\u00e7a Operativa:<\/strong> Carrer Sant Quint\u00ed 74-80<br \/>\n08041 Barcelona Spain<\/p>\n<p><strong>Tel\u00e8fon:<\/strong> <a href=\"tel:+34934081436\">+34934081436<\/a><br \/>\n<strong>Correu electr\u00f2nic:<\/strong> <a href=\"mailto:aiscad@aiscad.com\">aiscad@aiscad.com<\/a><\/p>\n<h3>FINALITAT<\/h3>\n<p>El nostre lloc web podr\u00e0 recollir informaci\u00f3 personal per exemple: Nom, informaci\u00f3 de contacte com la vostra adre\u00e7a de correu electr\u00f2nic o altra informaci\u00f3 personal.<\/p>\n<p>AISCAD nom\u00e9s podr\u00e0 recollir informaci\u00f3 per a les seg\u00fcents finalitats:<\/p>\n<ul>\n<li>En cas de contractaci\u00f3 de serveis oferts a trav\u00e9s del Lloc Web, per mantenir la relaci\u00f3 contractual, aix\u00ed com la gesti\u00f3, administraci\u00f3, informaci\u00f3, prestaci\u00f3 i millora del servei.<\/li>\n<li>Enviament d&#8217;informaci\u00f3 sol\u00b7licitada a trav\u00e9s dels formularis disposats al Lloc Web.<\/li>\n<li>Remetre butlletins -newsletters- , aix\u00ed com comunicacions comercials de promocions i\/o publicitat del Lloc Web.<\/li>\n<\/ul>\n<p>Recordem que podeu oposar-vos a l&#8217;enviament de comunicacions comercials en qualsevol moment remetent un correu electr\u00f2nic a <a href=\"mailto:aiscad@aiscad.com\">aiscad@aiscad.com<\/a>.<\/p>\n<h3>LEGITIMITAT<\/h3>\n<p>El tractament de les teves dades es realitza amb les bases jur\u00eddiques seg\u00fcents que legitimen el mateix:<\/p>\n<ul>\n<li>La sol\u00b7licitud d&#8217;informaci\u00f3 i\/o la contractaci\u00f3 dels serveis d&#8217;AISCAD, els termes i condicions dels quals es posaran a la teva disposici\u00f3 en tot cas, de forma pr\u00e8via a una eventual contractaci\u00f3.<\/li>\n<li>El consentiment lliure, espec\u00edfic, informat i inequ\u00edvoc, mentre t&#8217;informem posant a la teva disposici\u00f3 la present pol\u00edtica de privadesa, que despr\u00e9s de la lectura de la mateixa, en cas d&#8217;estar conforme, pots acceptar mitjan\u00e7ant una declaraci\u00f3 o una clara acci\u00f3 afirmativa, com el marcatge d&#8217;una casella disposada a aquest efecte.<\/li>\n<\/ul>\n<p>En cas que no ens facilitis les teves dades o les facis de forma err\u00f2nia o incompleta, no podrem atendre la teva sol\u00b7licitud, resultant del tot impossible proporcionar-te la informaci\u00f3 sol\u00b7licitada o dur a terme la contractaci\u00f3 dels serveis.<\/p>\n<h3>TERMINI DE CONSERVACI\u00d3 DE DADES<\/h3>\n<p>Les dades proporcionades es conservaran mentre no se sol\u00b7liciti el cessament de l&#8217;activitat, es mantingui la relaci\u00f3 comercial, durant els anys necessaris per complir les obligacions legals o fins que deixin de ser necess\u00e0ries o pertinents per a la finalitat per a la qual haguessin estat recollides o registrats.<\/p>\n<h3>DESTINATARIS<\/h3>\n<p>AISCAD no vendr\u00e0, cedir\u00e0 ni distribuir\u00e0 la informaci\u00f3 personal que \u00e9s recopilada sense el teu consentiment, llevat que sigui requerit per un jutge amb un ordre judicial.<\/p>\n<h3>DRETS<\/h3>\n<p>Com a interessat que ens has proporcionat les teves dades personals, tens ple dret a obtenir confirmaci\u00f3 sobre si a AISCAD estem tractant les teves dades personals, i en concret est\u00e0s facultat per exercitar els drets seg\u00fcents que la normativa en mat\u00e8ria de protecci\u00f3 de dades et reconeix, d&#8217;acord amb el previst a la mateixa:<\/p>\n<ul>\n<li>Dret d&#8217;ACC\u00c9S a les vostres dades personals.<\/li>\n<li>Drets de sol\u00b7licitar la RECTIFICACI\u00d3 de les dades inexactes.<\/li>\n<li>Dret de sol\u00b7licitar la seva SUPRESSI\u00d3 quan, entre altres motius, les dades ja no siguin necess\u00e0ries per als fins que van ser recollits.<\/li>\n<li>En determinades circumst\u00e0ncies, podr\u00e0s sol\u00b7licitar la LIMITACI\u00d3 DEL TRACTAMENT de les teves dades, i en este cas \u00fanicament les conservarem per a l&#8217;exercici o la defensa de reclamacions.<\/li>\n<li>En determinades circumst\u00e0ncies i per motius relacionats amb la seva situaci\u00f3 particular, els interessats podran exercitar el dret d&#8217;OPOSICI\u00d3 al tractament de les dades. Deixarem de tractar les dades, excepte per motius leg\u00edtims imperiosos, o l&#8217;exercici o la defensa de possibles reclamacions.<\/li>\n<li>En determinades circumst\u00e0ncies i per motius relacionats amb la teva situaci\u00f3 particular, podr\u00e0s sol\u00b7licitar el dret a la PORTABILITAT de les dades.<\/li>\n<\/ul>\n<p>En qualsevol moment pots restringir la recopilaci\u00f3 o \u00fas de la informaci\u00f3 personal que \u00e9s proporcionada al nostre lloc web. Per fer-ho nom\u00e9s cal trucar-nos al (+34) 93 487 01 82 o b\u00e9 enviar-nos un correu electr\u00f2nic a <a href=\"mailto:aiscad@aiscad.com\">aiscad@aiscad.com<\/a>.<\/p>\n<p>A m\u00e9s, en cas que s&#8217;hagi vulnerat qualsevol dels teus drets, tens dret a presentar una reclamaci\u00f3 davant l&#8217;Ag\u00e8ncia Espanyola de Protecci\u00f3 de Dades (AEPD), al c\/ Jorge Juan, 6, 28001-Madrid oa trav\u00e9s de la seu electr\u00f2nica de l&#8217;AEPD:\u00a0<a href=\"https:\/\/sedeagpd.gob.es\/sede-electronica-web\/\" target=\"_blank\" rel=\"noopener noreferrer\">https:\/\/sedeagpd.gob.es\/sede-electronica -web\/<\/a><\/p>\n<h3>INFORMACI\u00d3 ADDICIONAL<\/h3>\n<h4>ENLLA\u00c7OS A TERCERS<\/h4>\n<p>Aquest lloc web pot contenir enlla\u00e7os a altres llocs que poden ser del vostre inter\u00e8s. Quan facis clic en aquests enlla\u00e7os i abandonis la nostra p\u00e0gina, ja no tenim control sobre el lloc al qual ser\u00e0s redirigit i per tant no som responsables dels termes o privadesa ni de la protecci\u00f3 de les teves dades en aquests altres llocs tercers. Aquests llocs estan subjectes a les seves pr\u00f2pies pol\u00edtiques de privadesa per la qual cosa \u00e9s recomanable que les consulteu per confirmar que hi esteu d&#8217;acord.<\/p>\n<h4>SEGURETAT DE LA INFORMACI\u00d3 RECOLLIDA<\/h4>\n<p>AISCAD est\u00e0 altament compromesa per complir el comprom\u00eds de mantenir la teva informaci\u00f3 segura. Fem servir els sistemes m\u00e9s avan\u00e7ats i els actualitzem constantment per assegurar-nos que no hi hagi cap acc\u00e9s no autoritzat.<\/p>\n<h4>COOKIES<\/h4>\n<p>Les cookies s\u00f3n fitxers que es poden descarregar al teu equip a trav\u00e9s de les p\u00e0gines web. S\u00f3n eines que tenen un paper essencial per a la prestaci\u00f3 de nombrosos serveis de la societat de la informaci\u00f3. Entre altres, permeten a una p\u00e0gina web emmagatzemar i recuperar informaci\u00f3 sobre els h\u00e0bits de navegaci\u00f3 d&#8217;un usuari o del vostre equip i, depenent de la informaci\u00f3 obtinguda, es poden utilitzar per recon\u00e8ixer l&#8217;usuari i millorar el servei ofert.<\/p>\n<p>El nostre lloc web utilitza les galetes per poder identificar les p\u00e0gines que s\u00f3n visitades i la seva freq\u00fc\u00e8ncia mitjan\u00e7ant Google Analytics. Aquesta informaci\u00f3 \u00e9s emprada \u00fanicament per a an\u00e0lisi estad\u00edstica i despr\u00e9s la informaci\u00f3 s&#8217;elimina de manera permanent. Pots eliminar les cookies en qualsevol moment des del teu ordinador o b\u00e9 <a href=\"https:\/\/tools.google.com\/dlpage\/gaoptout\" target=\"_blank\" rel=\"noopener noreferrer\">instal\u00b7lar un complement al teu navegador<\/a>\u00a0per evitar que\u00a0les teves dades siguin utilitzades per Google Analytics. M\u00e9s informaci\u00f3 sobre la nostra\u00a0<a href=\"https:\/\/aiscad.com\/ca\/politica-de-cooies\" target=\"_blank\" rel=\"noopener\">Pol\u00edtica de Cookies<\/a>.<\/p>\n","protected":false},"excerpt":{"rendered":"<p>En base al que disposa el Reglament General de Protecci\u00f3 de Dades 2016\/679 (RGPD) aquesta Pol\u00edtica de Privadesa estableix els termes en qu\u00e8 AISCAD utilitza i protegeix la informaci\u00f3 que \u00e9s proporcionada pels seus usuaris en el moment d&#8217;utilitzar el lloc web. Quan us demanem informaci\u00f3 personal amb la qual pugueu ser identificat, ho fem <\/p>\n","protected":false},"author":1,"featured_media":0,"parent":0,"menu_order":0,"comment_status":"closed","ping_status":"closed","template":"","meta":{"_acf_changed":false,"footnotes":""},"class_list":["post-3356","page","type-page","status-publish","hentry"],"acf":[],"yoast_head":"<!-- This site is optimized with the Yoast SEO plugin v23.7 - https:\/\/yoast.com\/wordpress\/plugins\/seo\/ -->\n<title>Pol\u00edtica de privacitat - AISCAD<\/title>\n<meta name=\"robots\" content=\"index, follow, max-snippet:-1, max-image-preview:large, max-video-preview:-1\" \/>\n<link rel=\"canonical\" href=\"https:\/\/aiscad.com\/ca\/politica-de-privacitat\" \/>\n<meta property=\"og:locale\" content=\"ca_ES\" \/>\n<meta property=\"og:type\" content=\"article\" \/>\n<meta property=\"og:title\" content=\"Pol\u00edtica de privacitat - AISCAD\" \/>\n<meta property=\"og:description\" content=\"En base al que disposa el Reglament General de Protecci\u00f3 de Dades 2016\/679 (RGPD) aquesta Pol\u00edtica de Privadesa estableix els termes en qu\u00e8 AISCAD utilitza i protegeix la informaci\u00f3 que \u00e9s proporcionada pels seus usuaris en el moment d&#8217;utilitzar el lloc web. Quan us demanem informaci\u00f3 personal amb la qual pugueu ser identificat, ho fem\" \/>\n<meta property=\"og:url\" content=\"https:\/\/aiscad.com\/ca\/politica-de-privacitat\" \/>\n<meta property=\"og:site_name\" content=\"AISCAD\" \/>\n<meta property=\"article:modified_time\" content=\"2024-10-23T11:47:50+00:00\" \/>\n<meta name=\"twitter:card\" content=\"summary_large_image\" \/>\n<meta name=\"twitter:label1\" content=\"Temps estimat de lectura\" \/>\n\t<meta name=\"twitter:data1\" content=\"5 minuts\" \/>\n<script type=\"application\/ld+json\" class=\"yoast-schema-graph\">{\"@context\":\"https:\/\/schema.org\",\"@graph\":[{\"@type\":\"WebPage\",\"@id\":\"https:\/\/aiscad.com\/ca\/politica-de-privacitat\",\"url\":\"https:\/\/aiscad.com\/ca\/politica-de-privacitat\",\"name\":\"Pol\u00edtica de privacitat - AISCAD\",\"isPartOf\":{\"@id\":\"https:\/\/aiscad.com\/ca#website\"},\"datePublished\":\"2024-09-18T15:21:43+00:00\",\"dateModified\":\"2024-10-23T11:47:50+00:00\",\"breadcrumb\":{\"@id\":\"https:\/\/aiscad.com\/ca\/politica-de-privacitat#breadcrumb\"},\"inLanguage\":\"ca\",\"potentialAction\":[{\"@type\":\"ReadAction\",\"target\":[\"https:\/\/aiscad.com\/ca\/politica-de-privacitat\"]}]},{\"@type\":\"BreadcrumbList\",\"@id\":\"https:\/\/aiscad.com\/ca\/politica-de-privacitat#breadcrumb\",\"itemListElement\":[{\"@type\":\"ListItem\",\"position\":1,\"name\":\"Home\",\"item\":\"https:\/\/aiscad.com\/ca\"},{\"@type\":\"ListItem\",\"position\":2,\"name\":\"Pol\u00edtica de privacitat\"}]},{\"@type\":\"WebSite\",\"@id\":\"https:\/\/aiscad.com\/ca#website\",\"url\":\"https:\/\/aiscad.com\/ca\",\"name\":\"AISCAD\",\"description\":\"Asesor\u00eda inform\u00e1tica de sistemas CAD\",\"publisher\":{\"@id\":\"https:\/\/aiscad.com\/ca#organization\"},\"potentialAction\":[{\"@type\":\"SearchAction\",\"target\":{\"@type\":\"EntryPoint\",\"urlTemplate\":\"https:\/\/aiscad.com\/ca?s={search_term_string}\"},\"query-input\":{\"@type\":\"PropertyValueSpecification\",\"valueRequired\":true,\"valueName\":\"search_term_string\"}}],\"inLanguage\":\"ca\"},{\"@type\":\"Organization\",\"@id\":\"https:\/\/aiscad.com\/ca#organization\",\"name\":\"AISCAD\",\"url\":\"https:\/\/aiscad.com\/ca\",\"logo\":{\"@type\":\"ImageObject\",\"inLanguage\":\"ca\",\"@id\":\"https:\/\/aiscad.com\/ca#\/schema\/logo\/image\/\",\"url\":\"https:\/\/aiscad.com\/wp-content\/uploads\/2024\/07\/logo-aiscad.png\",\"contentUrl\":\"https:\/\/aiscad.com\/wp-content\/uploads\/2024\/07\/logo-aiscad.png\",\"width\":804,\"height\":204,\"caption\":\"AISCAD\"},\"image\":{\"@id\":\"https:\/\/aiscad.com\/ca#\/schema\/logo\/image\/\"}}]}<\/script>\n<!-- \/ Yoast SEO plugin. -->","yoast_head_json":{"title":"Pol\u00edtica de privacitat - AISCAD","robots":{"index":"index","follow":"follow","max-snippet":"max-snippet:-1","max-image-preview":"max-image-preview:large","max-video-preview":"max-video-preview:-1"},"canonical":"https:\/\/aiscad.com\/ca\/politica-de-privacitat","og_locale":"ca_ES","og_type":"article","og_title":"Pol\u00edtica de privacitat - AISCAD","og_description":"En base al que disposa el Reglament General de Protecci\u00f3 de Dades 2016\/679 (RGPD) aquesta Pol\u00edtica de Privadesa estableix els termes en qu\u00e8 AISCAD utilitza i protegeix la informaci\u00f3 que \u00e9s proporcionada pels seus usuaris en el moment d&#8217;utilitzar el lloc web. Quan us demanem informaci\u00f3 personal amb la qual pugueu ser identificat, ho fem","og_url":"https:\/\/aiscad.com\/ca\/politica-de-privacitat","og_site_name":"AISCAD","article_modified_time":"2024-10-23T11:47:50+00:00","twitter_card":"summary_large_image","twitter_misc":{"Temps estimat de lectura":"5 minuts"},"schema":{"@context":"https:\/\/schema.org","@graph":[{"@type":"WebPage","@id":"https:\/\/aiscad.com\/ca\/politica-de-privacitat","url":"https:\/\/aiscad.com\/ca\/politica-de-privacitat","name":"Pol\u00edtica de privacitat - AISCAD","isPartOf":{"@id":"https:\/\/aiscad.com\/ca#website"},"datePublished":"2024-09-18T15:21:43+00:00","dateModified":"2024-10-23T11:47:50+00:00","breadcrumb":{"@id":"https:\/\/aiscad.com\/ca\/politica-de-privacitat#breadcrumb"},"inLanguage":"ca","potentialAction":[{"@type":"ReadAction","target":["https:\/\/aiscad.com\/ca\/politica-de-privacitat"]}]},{"@type":"BreadcrumbList","@id":"https:\/\/aiscad.com\/ca\/politica-de-privacitat#breadcrumb","itemListElement":[{"@type":"ListItem","position":1,"name":"Home","item":"https:\/\/aiscad.com\/ca"},{"@type":"ListItem","position":2,"name":"Pol\u00edtica de privacitat"}]},{"@type":"WebSite","@id":"https:\/\/aiscad.com\/ca#website","url":"https:\/\/aiscad.com\/ca","name":"AISCAD","description":"Asesor\u00eda inform\u00e1tica de sistemas CAD","publisher":{"@id":"https:\/\/aiscad.com\/ca#organization"},"potentialAction":[{"@type":"SearchAction","target":{"@type":"EntryPoint","urlTemplate":"https:\/\/aiscad.com\/ca?s={search_term_string}"},"query-input":{"@type":"PropertyValueSpecification","valueRequired":true,"valueName":"search_term_string"}}],"inLanguage":"ca"},{"@type":"Organization","@id":"https:\/\/aiscad.com\/ca#organization","name":"AISCAD","url":"https:\/\/aiscad.com\/ca","logo":{"@type":"ImageObject","inLanguage":"ca","@id":"https:\/\/aiscad.com\/ca#\/schema\/logo\/image\/","url":"https:\/\/aiscad.com\/wp-content\/uploads\/2024\/07\/logo-aiscad.png","contentUrl":"https:\/\/aiscad.com\/wp-content\/uploads\/2024\/07\/logo-aiscad.png","width":804,"height":204,"caption":"AISCAD"},"image":{"@id":"https:\/\/aiscad.com\/ca#\/schema\/logo\/image\/"}}]}},"_links":{"self":[{"href":"https:\/\/aiscad.com\/ca\/wp-json\/wp\/v2\/pages\/3356","targetHints":{"allow":["GET"]}}],"collection":[{"href":"https:\/\/aiscad.com\/ca\/wp-json\/wp\/v2\/pages"}],"about":[{"href":"https:\/\/aiscad.com\/ca\/wp-json\/wp\/v2\/types\/page"}],"author":[{"embeddable":true,"href":"https:\/\/aiscad.com\/ca\/wp-json\/wp\/v2\/users\/1"}],"replies":[{"embeddable":true,"href":"https:\/\/aiscad.com\/ca\/wp-json\/wp\/v2\/comments?post=3356"}],"version-history":[{"count":3,"href":"https:\/\/aiscad.com\/ca\/wp-json\/wp\/v2\/pages\/3356\/revisions"}],"predecessor-version":[{"id":3360,"href":"https:\/\/aiscad.com\/ca\/wp-json\/wp\/v2\/pages\/3356\/revisions\/3360"}],"wp:attachment":[{"href":"https:\/\/aiscad.com\/ca\/wp-json\/wp\/v2\/media?parent=3356"}],"curies":[{"name":"wp","href":"https:\/\/api.w.org\/{rel}","templated":true}]}}